{"id":2392,"date":"2025-11-17T11:52:51","date_gmt":"2025-11-17T10:52:51","guid":{"rendered":"https:\/\/www.stahovanie.eu\/blog\/"},"modified":"2026-04-01T18:37:58","modified_gmt":"2026-04-01T16:37:58","slug":"blog","status":"publish","type":"page","link":"https:\/\/www.stahovanie.eu\/en\/blog\/","title":{"rendered":"Blog"},"content":{"rendered":"\t\t<div data-elementor-type=\"wp-page\" data-elementor-id=\"2392\" class=\"elementor elementor-2392 elementor-2095\" data-elementor-post-type=\"page\">\n\t\t\t\t\t\t<section class=\"elementor-section elementor-top-section elementor-element elementor-element-de9c255 elementor-section-boxed elementor-section-height-default elementor-section-height-default\" data-id=\"de9c255\" data-element_type=\"section\" data-settings=\"{&quot;background_background&quot;:&quot;classic&quot;}\">\n\t\t\t\t\t\t<div class=\"elementor-container elementor-column-gap-default\">\n\t\t\t\t\t<div class=\"elementor-column elementor-col-100 elementor-top-column elementor-element elementor-element-085aa78\" data-id=\"085aa78\" data-element_type=\"column\">\n\t\t\t<div class=\"elementor-widget-wrap elementor-element-populated\">\n\t\t\t\t\t\t<div class=\"elementor-element elementor-element-a543f8e elementor-widget elementor-widget-heading\" data-id=\"a543f8e\" data-element_type=\"widget\" data-widget_type=\"heading.default\">\n\t\t\t\t<div class=\"elementor-widget-container\">\n\t\t\t\t\t<h1 class=\"elementor-heading-title elementor-size-default\">Blog<\/h1>\t\t\t\t<\/div>\n\t\t\t\t<\/div>\n\t\t\t\t\t<\/div>\n\t\t<\/div>\n\t\t\t\t\t<\/div>\n\t\t<\/section>\n\t\t\t\t<section class=\"elementor-section elementor-top-section elementor-element elementor-element-9b08594 elementor-section-boxed elementor-section-height-default elementor-section-height-default\" data-id=\"9b08594\" data-element_type=\"section\">\n\t\t\t\t\t\t<div class=\"elementor-container elementor-column-gap-default\">\n\t\t\t\t\t<div class=\"elementor-column elementor-col-100 elementor-top-column elementor-element elementor-element-20296a7\" data-id=\"20296a7\" data-element_type=\"column\">\n\t\t\t<div class=\"elementor-widget-wrap elementor-element-populated\">\n\t\t\t\t\t\t<div class=\"elementor-element elementor-element-a1f2623 elementor-widget__width-auto elementor-widget elementor-widget-image\" data-id=\"a1f2623\" data-element_type=\"widget\" data-widget_type=\"image.default\">\n\t\t\t\t<div class=\"elementor-widget-container\">\n\t\t\t\t\t\t\t\t\t\t\t\t\t\t\t<img decoding=\"async\" width=\"118\" height=\"118\" src=\"https:\/\/www.stahovanie.eu\/wp-content\/uploads\/2023\/05\/Historia.png\" class=\"attachment-full size-full wp-image-1406\" alt=\"17 ro\u010dn\u00e1 hist\u00f3ria\" \/>\t\t\t\t\t\t\t\t\t\t\t\t\t\t\t<\/div>\n\t\t\t\t<\/div>\n\t\t\t\t\t<\/div>\n\t\t<\/div>\n\t\t\t\t\t<\/div>\n\t\t<\/section>\n\t\t\t\t<section class=\"elementor-section elementor-top-section elementor-element elementor-element-07c111a elementor-section-boxed elementor-section-height-default elementor-section-height-default\" data-id=\"07c111a\" data-element_type=\"section\">\n\t\t\t\t\t\t<div class=\"elementor-container elementor-column-gap-default\">\n\t\t\t\t\t<div class=\"elementor-column elementor-col-50 elementor-top-column elementor-element elementor-element-4b3a86d\" data-id=\"4b3a86d\" data-element_type=\"column\">\n\t\t\t<div class=\"elementor-widget-wrap elementor-element-populated\">\n\t\t\t\t\t\t<div class=\"elementor-element elementor-element-4514958 elementor-hidden-desktop elementor-hidden-tablet elementor-widget elementor-widget-search\" data-id=\"4514958\" data-element_type=\"widget\" data-settings=\"{&quot;submit_trigger&quot;:&quot;key_enter&quot;,&quot;pagination_type_options&quot;:&quot;none&quot;}\" data-widget_type=\"search.default\">\n\t\t\t\t<div class=\"elementor-widget-container\">\n\t\t\t\t\t\t\t<search class=\"e-search hidden\" role=\"search\">\n\t\t\t<form class=\"e-search-form\" action=\"https:\/\/www.stahovanie.eu\/en\/\" method=\"get\">\n\n\t\t\t\t\n\t\t\t\t<label class=\"e-search-label\" for=\"search-4514958\">\n\t\t\t\t\t<span class=\"elementor-screen-only\">\n\t\t\t\t\t\tSearch\t\t\t\t\t<\/span>\n\t\t\t\t\t<i aria-hidden=\"true\" class=\"fas fa-search\"><\/i>\t\t\t\t<\/label>\n\n\t\t\t\t<div class=\"e-search-input-wrapper\">\n\t\t\t\t\t<input id=\"search-4514958\" placeholder=\"Search\" class=\"e-search-input\" type=\"search\" name=\"s\" value=\"\" autocomplete=\"on\" role=\"combobox\" aria-autocomplete=\"list\" aria-expanded=\"false\" aria-controls=\"results-4514958\" aria-haspopup=\"listbox\">\n\t\t\t\t\t<i aria-hidden=\"true\" class=\"fas fa-times\"><\/i>\t\t\t\t\t\t\t\t\t\t<output id=\"results-4514958\" class=\"e-search-results-container hide-loader\" aria-live=\"polite\" aria-atomic=\"true\" aria-label=\"Results for search\" tabindex=\"0\">\n\t\t\t\t\t\t<div class=\"e-search-results\"><\/div>\n\t\t\t\t\t\t\t\t\t\t\t<\/output>\n\t\t\t\t\t\t\t\t\t<\/div>\n\t\t\t\t\n\t\t\t\t\n\t\t\t\t<button class=\"e-search-submit elementor-screen-only \" type=\"submit\" aria-label=\"Search\">\n\t\t\t\t\t\n\t\t\t\t\t\t\t\t\t<\/button>\n\t\t\t\t<input type=\"hidden\" name=\"e_search_props\" value=\"4514958-2392\">\n\t\t\t<\/form>\n\t\t<\/search>\n\t\t\t\t\t\t<\/div>\n\t\t\t\t<\/div>\n\t\t\t\t<div class=\"elementor-element elementor-element-947fe20 elementor-hidden-desktop elementor-hidden-tablet elementor-widget elementor-widget-heading\" data-id=\"947fe20\" data-element_type=\"widget\" data-widget_type=\"heading.default\">\n\t\t\t\t<div class=\"elementor-widget-container\">\n\t\t\t\t\t<div class=\"elementor-heading-title elementor-size-default\"><a href=\"#kategorie\">Categories<\/a><\/div>\t\t\t\t<\/div>\n\t\t\t\t<\/div>\n\t\t\t\t\t<\/div>\n\t\t<\/div>\n\t\t\t\t<div class=\"elementor-column elementor-col-50 elementor-top-column elementor-element elementor-element-9b289f9\" data-id=\"9b289f9\" data-element_type=\"column\" data-settings=\"{&quot;background_background&quot;:&quot;gradient&quot;}\">\n\t\t\t<div class=\"elementor-widget-wrap elementor-element-populated\">\n\t\t\t\t\t\t<div class=\"elementor-element elementor-element-e032a6c elementor-widget elementor-widget-search\" data-id=\"e032a6c\" data-element_type=\"widget\" data-settings=\"{&quot;submit_trigger&quot;:&quot;key_enter&quot;,&quot;pagination_type_options&quot;:&quot;none&quot;}\" data-widget_type=\"search.default\">\n\t\t\t\t<div class=\"elementor-widget-container\">\n\t\t\t\t\t\t\t<search class=\"e-search hidden\" role=\"search\">\n\t\t\t<form class=\"e-search-form\" action=\"https:\/\/www.stahovanie.eu\/en\/\" method=\"get\">\n\n\t\t\t\t\n\t\t\t\t<label class=\"e-search-label\" for=\"search-e032a6c\">\n\t\t\t\t\t<span class=\"elementor-screen-only\">\n\t\t\t\t\t\tSearch\t\t\t\t\t<\/span>\n\t\t\t\t\t<i aria-hidden=\"true\" class=\"fas fa-search\"><\/i>\t\t\t\t<\/label>\n\n\t\t\t\t<div class=\"e-search-input-wrapper\">\n\t\t\t\t\t<input id=\"search-e032a6c\" placeholder=\"Search\" class=\"e-search-input\" type=\"search\" name=\"s\" value=\"\" autocomplete=\"on\" role=\"combobox\" aria-autocomplete=\"list\" aria-expanded=\"false\" aria-controls=\"results-e032a6c\" aria-haspopup=\"listbox\">\n\t\t\t\t\t<i aria-hidden=\"true\" class=\"fas fa-times\"><\/i>\t\t\t\t\t\t\t\t\t\t<output id=\"results-e032a6c\" class=\"e-search-results-container hide-loader\" aria-live=\"polite\" aria-atomic=\"true\" aria-label=\"Results for search\" tabindex=\"0\">\n\t\t\t\t\t\t<div class=\"e-search-results\"><\/div>\n\t\t\t\t\t\t\t\t\t\t\t<\/output>\n\t\t\t\t\t\t\t\t\t<\/div>\n\t\t\t\t\n\t\t\t\t\n\t\t\t\t<button class=\"e-search-submit elementor-screen-only \" type=\"submit\" aria-label=\"Search\">\n\t\t\t\t\t\n\t\t\t\t\t\t\t\t\t<\/button>\n\t\t\t\t<input type=\"hidden\" name=\"e_search_props\" value=\"e032a6c-2392\">\n\t\t\t<\/form>\n\t\t<\/search>\n\t\t\t\t\t\t<\/div>\n\t\t\t\t<\/div>\n\t\t\t\t<div class=\"elementor-element elementor-element-2a2755b elementor-widget elementor-widget-menu-anchor\" data-id=\"2a2755b\" data-element_type=\"widget\" data-widget_type=\"menu-anchor.default\">\n\t\t\t\t<div class=\"elementor-widget-container\">\n\t\t\t\t\t\t\t<div class=\"elementor-menu-anchor\" id=\"categories\"><\/div>\n\t\t\t\t\t\t<\/div>\n\t\t\t\t<\/div>\n\t\t\t\t<div class=\"elementor-element elementor-element-a7e45fd elementor-widget elementor-widget-heading\" data-id=\"a7e45fd\" data-element_type=\"widget\" data-widget_type=\"heading.default\">\n\t\t\t\t<div class=\"elementor-widget-container\">\n\t\t\t\t\t<div class=\"elementor-heading-title elementor-size-default\">Categories<\/div>\t\t\t\t<\/div>\n\t\t\t\t<\/div>\n\t\t\t\t<div class=\"elementor-element elementor-element-7c062d1 elementor-widget elementor-widget-heading\" data-id=\"7c062d1\" data-element_type=\"widget\" data-widget_type=\"heading.default\">\n\t\t\t\t<div class=\"elementor-widget-container\">\n\t\t\t\t\t<div class=\"elementor-heading-title elementor-size-default\"><ul class=\"atlas-category-list\"><li><a href=\"https:\/\/www.stahovanie.eu\/en\/category\/news\/\">News<\/a><\/li><li><a href=\"https:\/\/www.stahovanie.eu\/en\/category\/tips\/\">Tips<\/a><\/li><\/ul><\/div>\t\t\t\t<\/div>\n\t\t\t\t<\/div>\n\t\t\t\t<div class=\"elementor-element elementor-element-d7438b1 elementor-widget elementor-widget-heading\" data-id=\"d7438b1\" data-element_type=\"widget\" data-widget_type=\"heading.default\">\n\t\t\t\t<div class=\"elementor-widget-container\">\n\t\t\t\t\t<div class=\"elementor-heading-title elementor-size-default\">Most popular<\/div>\t\t\t\t<\/div>\n\t\t\t\t<\/div>\n\t\t\t\t\t<\/div>\n\t\t<\/div>\n\t\t\t\t\t<\/div>\n\t\t<\/section>\n\t\t\t\t<\/div>\n\t\t","protected":false},"excerpt":{"rendered":"<p>Blog Vyh\u013eada\u0165 Categories Vyh\u013eada\u0165 Categories Most popular<\/p>\n","protected":false},"author":3,"featured_media":0,"parent":0,"menu_order":5,"comment_status":"closed","ping_status":"closed","template":"elementor_header_footer","meta":{"footnotes":""},"class_list":["post-2392","page","type-page","status-publish","hentry"],"yoast_head":"<!-- This site is optimized with the Yoast SEO plugin v26.4 - https:\/\/yoast.com\/wordpress\/plugins\/seo\/ -->\n<title>Blog - LOBO GROUP - profesion\u00e1lne s\u0165ahovanie<\/title>\n<meta name=\"description\" content=\"Read news, tips and advice from the world of moving. What methods do you know? How best to prepare? You can read everything here.\" \/>\n<meta name=\"robots\" content=\"index, follow, max-snippet:-1, max-image-preview:large, max-video-preview:-1\" \/>\n<link rel=\"canonical\" href=\"https:\/\/www.stahovanie.eu\/en\/blog\/\" \/>\n<meta property=\"og:locale\" content=\"en_US\" \/>\n<meta property=\"og:type\" content=\"article\" \/>\n<meta property=\"og:title\" content=\"Blog - LOBO GROUP - profesion\u00e1lne s\u0165ahovanie\" \/>\n<meta property=\"og:description\" content=\"Read news, tips and advice from the world of moving. What methods do you know? How best to prepare? You can read everything here.\" \/>\n<meta property=\"og:url\" content=\"https:\/\/www.stahovanie.eu\/en\/blog\/\" \/>\n<meta property=\"og:site_name\" content=\"LOBO GROUP - profesion\u00e1lne s\u0165ahovanie\" \/>\n<meta property=\"article:modified_time\" content=\"2026-04-01T16:37:58+00:00\" \/>\n<meta property=\"og:image\" content=\"https:\/\/www.stahovanie.eu\/wp-content\/uploads\/2023\/05\/Historia.png\" \/>\n\t<meta property=\"og:image:width\" content=\"118\" \/>\n\t<meta property=\"og:image:height\" content=\"118\" \/>\n\t<meta property=\"og:image:type\" content=\"image\/png\" \/>\n<meta name=\"twitter:card\" content=\"summary_large_image\" \/>\n<script type=\"application\/ld+json\" class=\"yoast-schema-graph\">{\"@context\":\"https:\/\/schema.org\",\"@graph\":[{\"@type\":\"WebPage\",\"@id\":\"https:\/\/www.stahovanie.eu\/en\/blog\/\",\"url\":\"https:\/\/www.stahovanie.eu\/en\/blog\/\",\"name\":\"Blog - LOBO GROUP - profesion\u00e1lne s\u0165ahovanie\",\"isPartOf\":{\"@id\":\"https:\/\/www.stahovanie.eu\/#website\"},\"primaryImageOfPage\":{\"@id\":\"https:\/\/www.stahovanie.eu\/en\/blog\/#primaryimage\"},\"image\":{\"@id\":\"https:\/\/www.stahovanie.eu\/en\/blog\/#primaryimage\"},\"thumbnailUrl\":\"https:\/\/www.stahovanie.eu\/wp-content\/uploads\/2023\/05\/Historia.png\",\"datePublished\":\"2025-11-17T10:52:51+00:00\",\"dateModified\":\"2026-04-01T16:37:58+00:00\",\"description\":\"Read news, tips and advice from the world of moving. What methods do you know? How best to prepare? You can read everything here.\",\"breadcrumb\":{\"@id\":\"https:\/\/www.stahovanie.eu\/en\/blog\/#breadcrumb\"},\"inLanguage\":\"en-US\",\"potentialAction\":[{\"@type\":\"ReadAction\",\"target\":[\"https:\/\/www.stahovanie.eu\/en\/blog\/\"]}]},{\"@type\":\"ImageObject\",\"inLanguage\":\"en-US\",\"@id\":\"https:\/\/www.stahovanie.eu\/en\/blog\/#primaryimage\",\"url\":\"https:\/\/www.stahovanie.eu\/wp-content\/uploads\/2023\/05\/Historia.png\",\"contentUrl\":\"https:\/\/www.stahovanie.eu\/wp-content\/uploads\/2023\/05\/Historia.png\"},{\"@type\":\"BreadcrumbList\",\"@id\":\"https:\/\/www.stahovanie.eu\/en\/blog\/#breadcrumb\",\"itemListElement\":[{\"@type\":\"ListItem\",\"position\":1,\"name\":\"Home\",\"item\":\"https:\/\/www.stahovanie.eu\/en\/\"},{\"@type\":\"ListItem\",\"position\":2,\"name\":\"Blog\"}]},{\"@type\":\"WebSite\",\"@id\":\"https:\/\/www.stahovanie.eu\/#website\",\"url\":\"https:\/\/www.stahovanie.eu\/\",\"name\":\"LOBO GROUP - profesion\u00e1lne s\u0165ahovanie\",\"description\":\"\",\"publisher\":{\"@id\":\"https:\/\/www.stahovanie.eu\/#organization\"},\"potentialAction\":[{\"@type\":\"SearchAction\",\"target\":{\"@type\":\"EntryPoint\",\"urlTemplate\":\"https:\/\/www.stahovanie.eu\/?s={search_term_string}\"},\"query-input\":{\"@type\":\"PropertyValueSpecification\",\"valueRequired\":true,\"valueName\":\"search_term_string\"}}],\"inLanguage\":\"en-US\"},{\"@type\":\"Organization\",\"@id\":\"https:\/\/www.stahovanie.eu\/#organization\",\"name\":\"LOBO GROUP - profesion\u00e1lne s\u0165ahovanie\",\"url\":\"https:\/\/www.stahovanie.eu\/\",\"logo\":{\"@type\":\"ImageObject\",\"inLanguage\":\"en-US\",\"@id\":\"https:\/\/www.stahovanie.eu\/#\/schema\/logo\/image\/\",\"url\":\"https:\/\/www.stahovanie.eu\/wp-content\/uploads\/2021\/02\/LogoLobo-1.png\",\"contentUrl\":\"https:\/\/www.stahovanie.eu\/wp-content\/uploads\/2021\/02\/LogoLobo-1.png\",\"width\":350,\"height\":101,\"caption\":\"LOBO GROUP -  profesion\u00e1lne s\u0165ahovanie\"},\"image\":{\"@id\":\"https:\/\/www.stahovanie.eu\/#\/schema\/logo\/image\/\"}}]}<\/script>\n<!-- \/ Yoast SEO plugin. -->","yoast_head_json":{"title":"Blog - LOBO GROUP - profesion\u00e1lne s\u0165ahovanie","description":"Read news, tips and advice from the world of moving. What methods do you know? How best to prepare? You can read everything here.","robots":{"index":"index","follow":"follow","max-snippet":"max-snippet:-1","max-image-preview":"max-image-preview:large","max-video-preview":"max-video-preview:-1"},"canonical":"https:\/\/www.stahovanie.eu\/en\/blog\/","og_locale":"en_US","og_type":"article","og_title":"Blog - LOBO GROUP - profesion\u00e1lne s\u0165ahovanie","og_description":"Read news, tips and advice from the world of moving. What methods do you know? How best to prepare? You can read everything here.","og_url":"https:\/\/www.stahovanie.eu\/en\/blog\/","og_site_name":"LOBO GROUP - profesion\u00e1lne s\u0165ahovanie","article_modified_time":"2026-04-01T16:37:58+00:00","og_image":[{"width":118,"height":118,"url":"https:\/\/www.stahovanie.eu\/wp-content\/uploads\/2023\/05\/Historia.png","type":"image\/png"}],"twitter_card":"summary_large_image","schema":{"@context":"https:\/\/schema.org","@graph":[{"@type":"WebPage","@id":"https:\/\/www.stahovanie.eu\/en\/blog\/","url":"https:\/\/www.stahovanie.eu\/en\/blog\/","name":"Blog - LOBO GROUP - profesion\u00e1lne s\u0165ahovanie","isPartOf":{"@id":"https:\/\/www.stahovanie.eu\/#website"},"primaryImageOfPage":{"@id":"https:\/\/www.stahovanie.eu\/en\/blog\/#primaryimage"},"image":{"@id":"https:\/\/www.stahovanie.eu\/en\/blog\/#primaryimage"},"thumbnailUrl":"https:\/\/www.stahovanie.eu\/wp-content\/uploads\/2023\/05\/Historia.png","datePublished":"2025-11-17T10:52:51+00:00","dateModified":"2026-04-01T16:37:58+00:00","description":"Read news, tips and advice from the world of moving. What methods do you know? How best to prepare? You can read everything here.","breadcrumb":{"@id":"https:\/\/www.stahovanie.eu\/en\/blog\/#breadcrumb"},"inLanguage":"en-US","potentialAction":[{"@type":"ReadAction","target":["https:\/\/www.stahovanie.eu\/en\/blog\/"]}]},{"@type":"ImageObject","inLanguage":"en-US","@id":"https:\/\/www.stahovanie.eu\/en\/blog\/#primaryimage","url":"https:\/\/www.stahovanie.eu\/wp-content\/uploads\/2023\/05\/Historia.png","contentUrl":"https:\/\/www.stahovanie.eu\/wp-content\/uploads\/2023\/05\/Historia.png"},{"@type":"BreadcrumbList","@id":"https:\/\/www.stahovanie.eu\/en\/blog\/#breadcrumb","itemListElement":[{"@type":"ListItem","position":1,"name":"Home","item":"https:\/\/www.stahovanie.eu\/en\/"},{"@type":"ListItem","position":2,"name":"Blog"}]},{"@type":"WebSite","@id":"https:\/\/www.stahovanie.eu\/#website","url":"https:\/\/www.stahovanie.eu\/","name":"LOBO GROUP - profesion\u00e1lne s\u0165ahovanie","description":"","publisher":{"@id":"https:\/\/www.stahovanie.eu\/#organization"},"potentialAction":[{"@type":"SearchAction","target":{"@type":"EntryPoint","urlTemplate":"https:\/\/www.stahovanie.eu\/?s={search_term_string}"},"query-input":{"@type":"PropertyValueSpecification","valueRequired":true,"valueName":"search_term_string"}}],"inLanguage":"en-US"},{"@type":"Organization","@id":"https:\/\/www.stahovanie.eu\/#organization","name":"LOBO GROUP - profesion\u00e1lne s\u0165ahovanie","url":"https:\/\/www.stahovanie.eu\/","logo":{"@type":"ImageObject","inLanguage":"en-US","@id":"https:\/\/www.stahovanie.eu\/#\/schema\/logo\/image\/","url":"https:\/\/www.stahovanie.eu\/wp-content\/uploads\/2021\/02\/LogoLobo-1.png","contentUrl":"https:\/\/www.stahovanie.eu\/wp-content\/uploads\/2021\/02\/LogoLobo-1.png","width":350,"height":101,"caption":"LOBO GROUP -  profesion\u00e1lne s\u0165ahovanie"},"image":{"@id":"https:\/\/www.stahovanie.eu\/#\/schema\/logo\/image\/"}}]}},"_links":{"self":[{"href":"https:\/\/www.stahovanie.eu\/en\/wp-json\/wp\/v2\/pages\/2392","targetHints":{"allow":["GET"]}}],"collection":[{"href":"https:\/\/www.stahovanie.eu\/en\/wp-json\/wp\/v2\/pages"}],"about":[{"href":"https:\/\/www.stahovanie.eu\/en\/wp-json\/wp\/v2\/types\/page"}],"author":[{"embeddable":true,"href":"https:\/\/www.stahovanie.eu\/en\/wp-json\/wp\/v2\/users\/3"}],"replies":[{"embeddable":true,"href":"https:\/\/www.stahovanie.eu\/en\/wp-json\/wp\/v2\/comments?post=2392"}],"version-history":[{"count":1,"href":"https:\/\/www.stahovanie.eu\/en\/wp-json\/wp\/v2\/pages\/2392\/revisions"}],"predecessor-version":[{"id":2393,"href":"https:\/\/www.stahovanie.eu\/en\/wp-json\/wp\/v2\/pages\/2392\/revisions\/2393"}],"wp:attachment":[{"href":"https:\/\/www.stahovanie.eu\/en\/wp-json\/wp\/v2\/media?parent=2392"}],"curies":[{"name":"wp","href":"https:\/\/api.w.org\/{rel}","templated":true}]}}