{"id":1506,"date":"2023-05-08T18:27:47","date_gmt":"2023-05-08T16:27:47","guid":{"rendered":"https:\/\/www.stahovanie.eu\/moving-pianos\/"},"modified":"2026-02-25T15:39:20","modified_gmt":"2026-02-25T14:39:20","slug":"moving-pianos","status":"publish","type":"page","link":"https:\/\/www.stahovanie.eu\/en\/moving-pianos\/","title":{"rendered":"Moving pianos"},"content":{"rendered":"\t\t<div data-elementor-type=\"wp-post\" data-elementor-id=\"1506\" class=\"elementor elementor-1506 elementor-972\" data-elementor-post-type=\"page\">\n\t\t\t\t\t\t<section class=\"elementor-section elementor-top-section elementor-element elementor-element-91b7f19 elementor-section-boxed elementor-section-height-default elementor-section-height-default\" data-id=\"91b7f19\" data-element_type=\"section\" data-settings=\"{&quot;background_background&quot;:&quot;classic&quot;}\">\n\t\t\t\t\t\t<div class=\"elementor-container elementor-column-gap-default\">\n\t\t\t\t\t<div class=\"elementor-column elementor-col-100 elementor-top-column elementor-element elementor-element-7cc0ccd\" data-id=\"7cc0ccd\" data-element_type=\"column\">\n\t\t\t<div class=\"elementor-widget-wrap elementor-element-populated\">\n\t\t\t\t\t\t<div class=\"elementor-element elementor-element-fde8545 elementor-widget elementor-widget-heading\" data-id=\"fde8545\" data-element_type=\"widget\" data-widget_type=\"heading.default\">\n\t\t\t\t<div class=\"elementor-widget-container\">\n\t\t\t\t\t<h1 class=\"elementor-heading-title elementor-size-default\">Moving pianos<\/h1>\t\t\t\t<\/div>\n\t\t\t\t<\/div>\n\t\t\t\t\t<\/div>\n\t\t<\/div>\n\t\t\t\t\t<\/div>\n\t\t<\/section>\n\t\t\t\t<section class=\"elementor-section elementor-top-section elementor-element elementor-element-494a9d5 elementor-section-boxed elementor-section-height-default elementor-section-height-default\" data-id=\"494a9d5\" data-element_type=\"section\">\n\t\t\t\t\t\t<div class=\"elementor-container elementor-column-gap-default\">\n\t\t\t\t\t<div class=\"elementor-column elementor-col-100 elementor-top-column elementor-element elementor-element-ad18658\" data-id=\"ad18658\" data-element_type=\"column\">\n\t\t\t<div class=\"elementor-widget-wrap elementor-element-populated\">\n\t\t\t\t\t\t<div class=\"elementor-element elementor-element-49edcfe elementor-widget__width-auto elementor-widget elementor-widget-image\" data-id=\"49edcfe\" data-element_type=\"widget\" data-widget_type=\"image.default\">\n\t\t\t\t<div class=\"elementor-widget-container\">\n\t\t\t\t\t\t\t\t\t\t\t\t\t\t\t<img decoding=\"async\" width=\"147\" height=\"146\" src=\"https:\/\/www.stahovanie.eu\/wp-content\/uploads\/2023\/05\/stahovanie-klvairov-ikona.png\" class=\"attachment-large size-large wp-image-1451\" alt=\"ikona s\u0165ahovanie klav\u00edrov\" \/>\t\t\t\t\t\t\t\t\t\t\t\t\t\t\t<\/div>\n\t\t\t\t<\/div>\n\t\t\t\t<div class=\"elementor-element elementor-element-56539cd elementor-widget__width-auto elementor-widget elementor-widget-image\" data-id=\"56539cd\" data-element_type=\"widget\" data-widget_type=\"image.default\">\n\t\t\t\t<div class=\"elementor-widget-container\">\n\t\t\t\t\t\t\t\t\t\t\t\t\t\t\t<img decoding=\"async\" width=\"118\" height=\"118\" src=\"https:\/\/www.stahovanie.eu\/wp-content\/uploads\/2023\/05\/Historia.png\" class=\"attachment-full size-full wp-image-1406\" alt=\"17 ro\u010dn\u00e1 hist\u00f3ria\" \/>\t\t\t\t\t\t\t\t\t\t\t\t\t\t\t<\/div>\n\t\t\t\t<\/div>\n\t\t\t\t\t<\/div>\n\t\t<\/div>\n\t\t\t\t\t<\/div>\n\t\t<\/section>\n\t\t\t\t<section class=\"elementor-section elementor-top-section elementor-element elementor-element-fa4764f elementor-section-boxed elementor-section-height-default elementor-section-height-default\" data-id=\"fa4764f\" data-element_type=\"section\">\n\t\t\t\t\t\t<div class=\"elementor-container elementor-column-gap-default\">\n\t\t\t\t\t<div class=\"elementor-column elementor-col-50 elementor-top-column elementor-element elementor-element-7fc641d\" data-id=\"7fc641d\" data-element_type=\"column\">\n\t\t\t<div class=\"elementor-widget-wrap elementor-element-populated\">\n\t\t\t\t\t\t<div class=\"elementor-element elementor-element-b6d5ac8 elementor-widget elementor-widget-image\" data-id=\"b6d5ac8\" data-element_type=\"widget\" data-widget_type=\"image.default\">\n\t\t\t\t<div class=\"elementor-widget-container\">\n\t\t\t\t\t\t\t\t\t\t\t\t\t\t\t<img fetchpriority=\"high\" decoding=\"async\" width=\"748\" height=\"560\" src=\"https:\/\/www.stahovanie.eu\/wp-content\/uploads\/2023\/05\/stahovanie-eu-stahovanie-klavirov.jpg\" class=\"attachment-full size-full wp-image-1595\" alt=\"S\u0165ahovanie klav\u00edrov. Kl\u00e1vesy klav\u00edra\" srcset=\"https:\/\/www.stahovanie.eu\/wp-content\/uploads\/2023\/05\/stahovanie-eu-stahovanie-klavirov.jpg 748w, https:\/\/www.stahovanie.eu\/wp-content\/uploads\/2023\/05\/stahovanie-eu-stahovanie-klavirov-300x225.jpg 300w\" sizes=\"(max-width: 748px) 100vw, 748px\" \/>\t\t\t\t\t\t\t\t\t\t\t\t\t\t\t<\/div>\n\t\t\t\t<\/div>\n\t\t\t\t\t<\/div>\n\t\t<\/div>\n\t\t\t\t<div class=\"elementor-column elementor-col-50 elementor-top-column elementor-element elementor-element-7893c37\" data-id=\"7893c37\" data-element_type=\"column\">\n\t\t\t<div class=\"elementor-widget-wrap elementor-element-populated\">\n\t\t\t\t\t\t<div class=\"elementor-element elementor-element-d5cbeb2 elementor-widget elementor-widget-text-editor\" data-id=\"d5cbeb2\" data-element_type=\"widget\" data-widget_type=\"text-editor.default\">\n\t\t\t\t<div class=\"elementor-widget-container\">\n\t\t\t\t\t\t\t\t\t<div class=\"content_section position-1\">\n<article id=\"Article_idm5193372333881786298677-6\">\n<div class=\"Article notab_br decoration-none\">\n<div class=\"content_section position-1\">\n<article id=\"Article_idm5152215520815196234767-6\">\n<div class=\"Article notab_br decoration-none\">\n<div class=\"article_indents\">\n<p class=\"article_indent align-justify\">Do you want to move your love and you do not know who can do it the best? You are in the right place. We have long year experiences in this area. You will be satisfied.<\/p>\n<\/div>\n<\/div>\n<\/article>\n<\/div>\n<\/div>\n<\/article>\n<\/div>\n\t\t\t\t\t\t\t\t<\/div>\n\t\t\t\t<\/div>\n\t\t\t\t\t<\/div>\n\t\t<\/div>\n\t\t\t\t\t<\/div>\n\t\t<\/section>\n\t\t\t\t<section class=\"elementor-section elementor-top-section elementor-element elementor-element-f6087b0 elementor-section-boxed elementor-section-height-default elementor-section-height-default\" data-id=\"f6087b0\" data-element_type=\"section\">\n\t\t\t\t\t\t<div class=\"elementor-container elementor-column-gap-default\">\n\t\t\t\t\t<div class=\"elementor-column elementor-col-100 elementor-top-column elementor-element elementor-element-7d43430\" data-id=\"7d43430\" data-element_type=\"column\">\n\t\t\t<div class=\"elementor-widget-wrap elementor-element-populated\">\n\t\t\t\t\t\t<div class=\"elementor-element elementor-element-9df0cac horizontale elementor-widget elementor-widget-toggle\" data-id=\"9df0cac\" data-element_type=\"widget\" data-widget_type=\"toggle.default\">\n\t\t\t\t<div class=\"elementor-widget-container\">\n\t\t\t\t\t\t\t<div class=\"elementor-toggle\">\n\t\t\t\t\t\t\t<div class=\"elementor-toggle-item\">\n\t\t\t\t\t<div id=\"elementor-tab-title-1651\" class=\"elementor-tab-title\" data-tab=\"1\" role=\"button\" aria-controls=\"elementor-tab-content-1651\" aria-expanded=\"false\">\n\t\t\t\t\t\t\t\t\t\t\t\t<span class=\"elementor-toggle-icon elementor-toggle-icon-left\" aria-hidden=\"true\">\n\t\t\t\t\t\t\t\t\t\t\t\t\t\t\t<span class=\"elementor-toggle-icon-closed\"><i class=\"fas fa-chevron-down\"><\/i><\/span>\n\t\t\t\t\t\t\t\t<span class=\"elementor-toggle-icon-opened\"><i class=\"elementor-toggle-icon-opened fas fa-chevron-up\"><\/i><\/span>\n\t\t\t\t\t\t\t\t\t\t\t\t\t<\/span>\n\t\t\t\t\t\t\t\t\t\t\t\t<a class=\"elementor-toggle-title\" tabindex=\"0\">Prices excl. VAT<\/a>\n\t\t\t\t\t<\/div>\n\n\t\t\t\t\t<div id=\"elementor-tab-content-1651\" class=\"elementor-tab-content elementor-clearfix\" data-tab=\"1\" role=\"region\" aria-labelledby=\"elementor-tab-title-1651\"><table id=\"Table_idm2\" class=\"Table style10 first_row\" data-caption-size=\"\" data-head-size=\"17\" data-cell-size=\"15\" data-intelligent=\"0\" data-intelligent-search=\"0\" data-header-sorter=\"\"><thead class=\"TableHeaderGroup\"><tr class=\"TableRow\"><th class=\"TableHead \">object<\/th><th class=\"TableHead \">price per floor*<\/th><th class=\"TableHead \">minimal price<\/th><\/tr><\/thead><tbody class=\"TableBodyGroup\"><tr class=\"TableRow\"><td class=\"TableCell position-1\">upright piano &#8211; half iron frame<\/td><td class=\"TableCell position-2\">15,00 \u20ac<\/td><td class=\"TableCell position-3\">150 \u20ac<\/td><\/tr><tr class=\"TableRow\"><td class=\"TableCell position-1\">upright piano &#8211; full iron frame<\/td><td class=\"TableCell position-2\">18,00 \u20ac<\/td><td class=\"TableCell position-3\">150 \u20ac<\/td><\/tr><tr class=\"TableRow\"><td class=\"TableCell position-1\">baby grand piano<\/td><td class=\"TableCell position-2\">20,00 \u20ac<\/td><td class=\"TableCell position-3\">160 \u20ac<\/td><\/tr><tr class=\"TableRow\"><td class=\"TableCell position-1\">parlour grand piano<\/td><td class=\"TableCell position-2\">30,00 \u20ac<\/td><td class=\"TableCell position-3\">180 \u20ac<\/td><\/tr><tr class=\"TableRow\"><td class=\"TableCell position-1\">concert grand piano<\/td><td class=\"TableCell position-2\">50,00 \u20ac<\/td><td class=\"TableCell position-3\">220 \u20ac<\/td><\/tr><\/tbody><\/table><article id=\"Article_idm5636175076038615670445-8\"><div class=\"Article notab_br decoration-none\"><div class=\"article_indents\"><p class=\"article_indent align-justify\">* one floor = max 16 stairs<\/p><p class=\"article_indent align-justify\">In price of housing moving, the price for transport is not included.<\/p><\/div><\/div><\/article><\/div>\n\t\t\t\t<\/div>\n\t\t\t\t\t\t\t\t<\/div>\n\t\t\t\t\t\t<\/div>\n\t\t\t\t<\/div>\n\t\t\t\t\t<\/div>\n\t\t<\/div>\n\t\t\t\t\t<\/div>\n\t\t<\/section>\n\t\t\t\t<section class=\"elementor-section elementor-top-section elementor-element elementor-element-710052d elementor-section-boxed elementor-section-height-default elementor-section-height-default\" data-id=\"710052d\" data-element_type=\"section\">\n\t\t\t\t\t\t<div class=\"elementor-container elementor-column-gap-default\">\n\t\t\t\t\t<div class=\"elementor-column elementor-col-100 elementor-top-column elementor-element elementor-element-d7d6627\" data-id=\"d7d6627\" data-element_type=\"column\">\n\t\t\t<div class=\"elementor-widget-wrap elementor-element-populated\">\n\t\t\t\t\t\t<div class=\"elementor-element elementor-element-a660910 horizontale elementor-widget elementor-widget-toggle\" data-id=\"a660910\" data-element_type=\"widget\" data-widget_type=\"toggle.default\">\n\t\t\t\t<div class=\"elementor-widget-container\">\n\t\t\t\t\t\t\t<div class=\"elementor-toggle\">\n\t\t\t\t\t\t\t<div class=\"elementor-toggle-item\">\n\t\t\t\t\t<div id=\"elementor-tab-title-1741\" class=\"elementor-tab-title\" data-tab=\"1\" role=\"button\" aria-controls=\"elementor-tab-content-1741\" aria-expanded=\"false\">\n\t\t\t\t\t\t\t\t\t\t\t\t<span class=\"elementor-toggle-icon elementor-toggle-icon-left\" aria-hidden=\"true\">\n\t\t\t\t\t\t\t\t\t\t\t\t\t\t\t<span class=\"elementor-toggle-icon-closed\"><i class=\"fas fa-chevron-down\"><\/i><\/span>\n\t\t\t\t\t\t\t\t<span class=\"elementor-toggle-icon-opened\"><i class=\"elementor-toggle-icon-opened fas fa-chevron-up\"><\/i><\/span>\n\t\t\t\t\t\t\t\t\t\t\t\t\t<\/span>\n\t\t\t\t\t\t\t\t\t\t\t\t<a class=\"elementor-toggle-title\" tabindex=\"0\">Prices incl. VAT<\/a>\n\t\t\t\t\t<\/div>\n\n\t\t\t\t\t<div id=\"elementor-tab-content-1741\" class=\"elementor-tab-content elementor-clearfix\" data-tab=\"1\" role=\"region\" aria-labelledby=\"elementor-tab-title-1741\"><table id=\"Table_idm2\" class=\"Table style10 first_row\" data-caption-size=\"\" data-head-size=\"17\" data-cell-size=\"15\" data-intelligent=\"0\" data-intelligent-search=\"0\" data-header-sorter=\"\"><thead class=\"TableHeaderGroup\"><tr class=\"TableRow\"><th class=\"TableHead \">object<\/th><th class=\"TableHead \">price per floor*<\/th><th class=\"TableHead \">minimal price<\/th><\/tr><\/thead><tbody class=\"TableBodyGroup\"><tr class=\"TableRow\"><td class=\"TableCell position-1\">upright piano &#8211; half iron frame<\/td><td class=\"TableCell position-2\">18,00 \u20ac<\/td><td class=\"TableCell position-3\">180 \u20ac<\/td><\/tr><tr class=\"TableRow\"><td class=\"TableCell position-1\">upright piano &#8211; full iron frame<\/td><td class=\"TableCell position-2\">21,60 \u20ac<\/td><td class=\"TableCell position-3\">180 \u20ac<\/td><\/tr><tr class=\"TableRow\"><td class=\"TableCell position-1\">baby grand piano<\/td><td class=\"TableCell position-2\">24,00 \u20ac<\/td><td class=\"TableCell position-3\">192 \u20ac<\/td><\/tr><tr class=\"TableRow\"><td class=\"TableCell position-1\">parlour grand piano<\/td><td class=\"TableCell position-2\">36,00 \u20ac<\/td><td class=\"TableCell position-3\">216 \u20ac<\/td><\/tr><tr class=\"TableRow\"><td class=\"TableCell position-1\">concert grand piano<\/td><td class=\"TableCell position-2\">60,00 \u20ac<\/td><td class=\"TableCell position-3\">264 \u20ac<\/td><\/tr><\/tbody><\/table><article id=\"Article_idm5636175076038615670445-8\"><div class=\"Article notab_br decoration-none\"><div class=\"article_indents\"><p class=\"article_indent align-justify\">* one floor = max 16 stairs<\/p><p class=\"article_indent align-justify\">In price of housing moving, the price for transport is not included.<\/p><\/div><\/div><\/article><\/div>\n\t\t\t\t<\/div>\n\t\t\t\t\t\t\t\t<\/div>\n\t\t\t\t\t\t<\/div>\n\t\t\t\t<\/div>\n\t\t\t\t\t<\/div>\n\t\t<\/div>\n\t\t\t\t\t<\/div>\n\t\t<\/section>\n\t\t\t\t<section class=\"elementor-section elementor-top-section elementor-element elementor-element-c860d7a elementor-section-boxed elementor-section-height-default elementor-section-height-default\" data-id=\"c860d7a\" data-element_type=\"section\">\n\t\t\t\t\t\t<div class=\"elementor-container elementor-column-gap-default\">\n\t\t\t\t\t<div class=\"elementor-column elementor-col-100 elementor-top-column elementor-element elementor-element-6ed64a4\" data-id=\"6ed64a4\" data-element_type=\"column\">\n\t\t\t<div class=\"elementor-widget-wrap elementor-element-populated\">\n\t\t\t\t\t\t<div class=\"elementor-element elementor-element-f66bed9 elementor-widget elementor-widget-heading\" data-id=\"f66bed9\" data-element_type=\"widget\" data-widget_type=\"heading.default\">\n\t\t\t\t<div class=\"elementor-widget-container\">\n\t\t\t\t\t<h2 class=\"elementor-heading-title elementor-size-default\">Are you interested or have a question?<\/h2>\t\t\t\t<\/div>\n\t\t\t\t<\/div>\n\t\t\t\t<div class=\"elementor-element elementor-element-683bfd8 elementor-align-center elementor-widget elementor-widget-button\" data-id=\"683bfd8\" data-element_type=\"widget\" data-widget_type=\"button.default\">\n\t\t\t\t<div class=\"elementor-widget-container\">\n\t\t\t\t\t\t\t\t\t<div class=\"elementor-button-wrapper\">\n\t\t\t\t\t<a class=\"elementor-button elementor-button-link elementor-size-sm elementor-animation-shrink\" href=\"https:\/\/www.stahovanie.eu\/en\/contact\/\">\n\t\t\t\t\t\t<span class=\"elementor-button-content-wrapper\">\n\t\t\t\t\t\t\t\t\t<span class=\"elementor-button-text\">Contact us<\/span>\n\t\t\t\t\t<\/span>\n\t\t\t\t\t<\/a>\n\t\t\t\t<\/div>\n\t\t\t\t\t\t\t\t<\/div>\n\t\t\t\t<\/div>\n\t\t\t\t\t<\/div>\n\t\t<\/div>\n\t\t\t\t\t<\/div>\n\t\t<\/section>\n\t\t\t\t<\/div>\n\t\t","protected":false},"excerpt":{"rendered":"<p>Moving pianos Do you want to move your love and you do not know who can do it the best? You are in the right place. We have long year experiences in this area. You will be satisfied. Prices excl. VAT object price per floor* minimal price upright piano &#8211; half iron frame 15,00 \u20ac [&hellip;]<\/p>\n","protected":false},"author":3,"featured_media":0,"parent":0,"menu_order":0,"comment_status":"closed","ping_status":"closed","template":"elementor_header_footer","meta":{"footnotes":""},"class_list":["post-1506","page","type-page","status-publish","hentry"],"yoast_head":"<!-- This site is optimized with the Yoast SEO plugin v26.4 - https:\/\/yoast.com\/wordpress\/plugins\/seo\/ -->\n<title>Piano Moving Services | Stahovanie.eu<\/title>\n<meta name=\"description\" content=\"Professional piano moving services by LOBO GROUP. We handle upright and grand pianos with specialized equipment, full insurance, and care across Slovakia and the EU.\" \/>\n<meta name=\"robots\" content=\"index, follow, max-snippet:-1, max-image-preview:large, max-video-preview:-1\" \/>\n<link rel=\"canonical\" href=\"https:\/\/www.stahovanie.eu\/en\/moving-pianos\/\" \/>\n<meta property=\"og:locale\" content=\"en_US\" \/>\n<meta property=\"og:type\" content=\"article\" \/>\n<meta property=\"og:title\" content=\"Piano Moving Services | Stahovanie.eu\" \/>\n<meta property=\"og:description\" content=\"Professional piano moving services by LOBO GROUP. We handle upright and grand pianos with specialized equipment, full insurance, and care across Slovakia and the EU.\" \/>\n<meta property=\"og:url\" content=\"https:\/\/www.stahovanie.eu\/en\/moving-pianos\/\" \/>\n<meta property=\"og:site_name\" content=\"LOBO GROUP - profesion\u00e1lne s\u0165ahovanie\" \/>\n<meta property=\"article:modified_time\" content=\"2026-02-25T14:39:20+00:00\" \/>\n<meta property=\"og:image\" content=\"https:\/\/www.stahovanie.eu\/wp-content\/uploads\/2023\/05\/stahovanie-klvairov-ikona.png\" \/>\n<meta name=\"twitter:card\" content=\"summary_large_image\" \/>\n<meta name=\"twitter:label1\" content=\"Est. reading time\" \/>\n\t<meta name=\"twitter:data1\" content=\"2 minutes\" \/>\n<script type=\"application\/ld+json\" class=\"yoast-schema-graph\">{\"@context\":\"https:\/\/schema.org\",\"@graph\":[{\"@type\":\"WebPage\",\"@id\":\"https:\/\/www.stahovanie.eu\/en\/moving-pianos\/\",\"url\":\"https:\/\/www.stahovanie.eu\/en\/moving-pianos\/\",\"name\":\"Piano Moving Services | Stahovanie.eu\",\"isPartOf\":{\"@id\":\"https:\/\/www.stahovanie.eu\/#website\"},\"primaryImageOfPage\":{\"@id\":\"https:\/\/www.stahovanie.eu\/en\/moving-pianos\/#primaryimage\"},\"image\":{\"@id\":\"https:\/\/www.stahovanie.eu\/en\/moving-pianos\/#primaryimage\"},\"thumbnailUrl\":\"https:\/\/www.stahovanie.eu\/wp-content\/uploads\/2023\/05\/stahovanie-klvairov-ikona.png\",\"datePublished\":\"2023-05-08T16:27:47+00:00\",\"dateModified\":\"2026-02-25T14:39:20+00:00\",\"description\":\"Professional piano moving services by LOBO GROUP. We handle upright and grand pianos with specialized equipment, full insurance, and care across Slovakia and the EU.\",\"breadcrumb\":{\"@id\":\"https:\/\/www.stahovanie.eu\/en\/moving-pianos\/#breadcrumb\"},\"inLanguage\":\"en-US\",\"potentialAction\":[{\"@type\":\"ReadAction\",\"target\":[\"https:\/\/www.stahovanie.eu\/en\/moving-pianos\/\"]}]},{\"@type\":\"ImageObject\",\"inLanguage\":\"en-US\",\"@id\":\"https:\/\/www.stahovanie.eu\/en\/moving-pianos\/#primaryimage\",\"url\":\"https:\/\/www.stahovanie.eu\/wp-content\/uploads\/2023\/05\/stahovanie-klvairov-ikona.png\",\"contentUrl\":\"https:\/\/www.stahovanie.eu\/wp-content\/uploads\/2023\/05\/stahovanie-klvairov-ikona.png\"},{\"@type\":\"BreadcrumbList\",\"@id\":\"https:\/\/www.stahovanie.eu\/en\/moving-pianos\/#breadcrumb\",\"itemListElement\":[{\"@type\":\"ListItem\",\"position\":1,\"name\":\"Home\",\"item\":\"https:\/\/www.stahovanie.eu\/en\/\"},{\"@type\":\"ListItem\",\"position\":2,\"name\":\"Moving pianos\"}]},{\"@type\":\"WebSite\",\"@id\":\"https:\/\/www.stahovanie.eu\/#website\",\"url\":\"https:\/\/www.stahovanie.eu\/\",\"name\":\"LOBO GROUP - profesion\u00e1lne s\u0165ahovanie\",\"description\":\"\",\"publisher\":{\"@id\":\"https:\/\/www.stahovanie.eu\/#organization\"},\"potentialAction\":[{\"@type\":\"SearchAction\",\"target\":{\"@type\":\"EntryPoint\",\"urlTemplate\":\"https:\/\/www.stahovanie.eu\/?s={search_term_string}\"},\"query-input\":{\"@type\":\"PropertyValueSpecification\",\"valueRequired\":true,\"valueName\":\"search_term_string\"}}],\"inLanguage\":\"en-US\"},{\"@type\":\"Organization\",\"@id\":\"https:\/\/www.stahovanie.eu\/#organization\",\"name\":\"LOBO GROUP - profesion\u00e1lne s\u0165ahovanie\",\"url\":\"https:\/\/www.stahovanie.eu\/\",\"logo\":{\"@type\":\"ImageObject\",\"inLanguage\":\"en-US\",\"@id\":\"https:\/\/www.stahovanie.eu\/#\/schema\/logo\/image\/\",\"url\":\"https:\/\/www.stahovanie.eu\/wp-content\/uploads\/2021\/02\/LogoLobo-1.png\",\"contentUrl\":\"https:\/\/www.stahovanie.eu\/wp-content\/uploads\/2021\/02\/LogoLobo-1.png\",\"width\":350,\"height\":101,\"caption\":\"LOBO GROUP -  profesion\u00e1lne s\u0165ahovanie\"},\"image\":{\"@id\":\"https:\/\/www.stahovanie.eu\/#\/schema\/logo\/image\/\"}}]}<\/script>\n<!-- \/ Yoast SEO plugin. -->","yoast_head_json":{"title":"Piano Moving Services | Stahovanie.eu","description":"Professional piano moving services by LOBO GROUP. We handle upright and grand pianos with specialized equipment, full insurance, and care across Slovakia and the EU.","robots":{"index":"index","follow":"follow","max-snippet":"max-snippet:-1","max-image-preview":"max-image-preview:large","max-video-preview":"max-video-preview:-1"},"canonical":"https:\/\/www.stahovanie.eu\/en\/moving-pianos\/","og_locale":"en_US","og_type":"article","og_title":"Piano Moving Services | Stahovanie.eu","og_description":"Professional piano moving services by LOBO GROUP. We handle upright and grand pianos with specialized equipment, full insurance, and care across Slovakia and the EU.","og_url":"https:\/\/www.stahovanie.eu\/en\/moving-pianos\/","og_site_name":"LOBO GROUP - profesion\u00e1lne s\u0165ahovanie","article_modified_time":"2026-02-25T14:39:20+00:00","og_image":[{"url":"https:\/\/www.stahovanie.eu\/wp-content\/uploads\/2023\/05\/stahovanie-klvairov-ikona.png","type":"","width":"","height":""}],"twitter_card":"summary_large_image","twitter_misc":{"Est. reading time":"2 minutes"},"schema":{"@context":"https:\/\/schema.org","@graph":[{"@type":"WebPage","@id":"https:\/\/www.stahovanie.eu\/en\/moving-pianos\/","url":"https:\/\/www.stahovanie.eu\/en\/moving-pianos\/","name":"Piano Moving Services | Stahovanie.eu","isPartOf":{"@id":"https:\/\/www.stahovanie.eu\/#website"},"primaryImageOfPage":{"@id":"https:\/\/www.stahovanie.eu\/en\/moving-pianos\/#primaryimage"},"image":{"@id":"https:\/\/www.stahovanie.eu\/en\/moving-pianos\/#primaryimage"},"thumbnailUrl":"https:\/\/www.stahovanie.eu\/wp-content\/uploads\/2023\/05\/stahovanie-klvairov-ikona.png","datePublished":"2023-05-08T16:27:47+00:00","dateModified":"2026-02-25T14:39:20+00:00","description":"Professional piano moving services by LOBO GROUP. We handle upright and grand pianos with specialized equipment, full insurance, and care across Slovakia and the EU.","breadcrumb":{"@id":"https:\/\/www.stahovanie.eu\/en\/moving-pianos\/#breadcrumb"},"inLanguage":"en-US","potentialAction":[{"@type":"ReadAction","target":["https:\/\/www.stahovanie.eu\/en\/moving-pianos\/"]}]},{"@type":"ImageObject","inLanguage":"en-US","@id":"https:\/\/www.stahovanie.eu\/en\/moving-pianos\/#primaryimage","url":"https:\/\/www.stahovanie.eu\/wp-content\/uploads\/2023\/05\/stahovanie-klvairov-ikona.png","contentUrl":"https:\/\/www.stahovanie.eu\/wp-content\/uploads\/2023\/05\/stahovanie-klvairov-ikona.png"},{"@type":"BreadcrumbList","@id":"https:\/\/www.stahovanie.eu\/en\/moving-pianos\/#breadcrumb","itemListElement":[{"@type":"ListItem","position":1,"name":"Home","item":"https:\/\/www.stahovanie.eu\/en\/"},{"@type":"ListItem","position":2,"name":"Moving pianos"}]},{"@type":"WebSite","@id":"https:\/\/www.stahovanie.eu\/#website","url":"https:\/\/www.stahovanie.eu\/","name":"LOBO GROUP - profesion\u00e1lne s\u0165ahovanie","description":"","publisher":{"@id":"https:\/\/www.stahovanie.eu\/#organization"},"potentialAction":[{"@type":"SearchAction","target":{"@type":"EntryPoint","urlTemplate":"https:\/\/www.stahovanie.eu\/?s={search_term_string}"},"query-input":{"@type":"PropertyValueSpecification","valueRequired":true,"valueName":"search_term_string"}}],"inLanguage":"en-US"},{"@type":"Organization","@id":"https:\/\/www.stahovanie.eu\/#organization","name":"LOBO GROUP - profesion\u00e1lne s\u0165ahovanie","url":"https:\/\/www.stahovanie.eu\/","logo":{"@type":"ImageObject","inLanguage":"en-US","@id":"https:\/\/www.stahovanie.eu\/#\/schema\/logo\/image\/","url":"https:\/\/www.stahovanie.eu\/wp-content\/uploads\/2021\/02\/LogoLobo-1.png","contentUrl":"https:\/\/www.stahovanie.eu\/wp-content\/uploads\/2021\/02\/LogoLobo-1.png","width":350,"height":101,"caption":"LOBO GROUP -  profesion\u00e1lne s\u0165ahovanie"},"image":{"@id":"https:\/\/www.stahovanie.eu\/#\/schema\/logo\/image\/"}}]}},"_links":{"self":[{"href":"https:\/\/www.stahovanie.eu\/en\/wp-json\/wp\/v2\/pages\/1506","targetHints":{"allow":["GET"]}}],"collection":[{"href":"https:\/\/www.stahovanie.eu\/en\/wp-json\/wp\/v2\/pages"}],"about":[{"href":"https:\/\/www.stahovanie.eu\/en\/wp-json\/wp\/v2\/types\/page"}],"author":[{"embeddable":true,"href":"https:\/\/www.stahovanie.eu\/en\/wp-json\/wp\/v2\/users\/3"}],"replies":[{"embeddable":true,"href":"https:\/\/www.stahovanie.eu\/en\/wp-json\/wp\/v2\/comments?post=1506"}],"version-history":[{"count":10,"href":"https:\/\/www.stahovanie.eu\/en\/wp-json\/wp\/v2\/pages\/1506\/revisions"}],"predecessor-version":[{"id":2208,"href":"https:\/\/www.stahovanie.eu\/en\/wp-json\/wp\/v2\/pages\/1506\/revisions\/2208"}],"wp:attachment":[{"href":"https:\/\/www.stahovanie.eu\/en\/wp-json\/wp\/v2\/media?parent=1506"}],"curies":[{"name":"wp","href":"https:\/\/api.w.org\/{rel}","templated":true}]}}