{"id":1498,"date":"2023-05-08T18:59:13","date_gmt":"2023-05-08T16:59:13","guid":{"rendered":"https:\/\/www.stahovanie.eu\/storage\/"},"modified":"2025-11-17T13:03:13","modified_gmt":"2025-11-17T12:03:13","slug":"storage","status":"publish","type":"page","link":"https:\/\/www.stahovanie.eu\/en\/storage\/","title":{"rendered":"Storage"},"content":{"rendered":"\t\t<div data-elementor-type=\"wp-post\" data-elementor-id=\"1498\" class=\"elementor elementor-1498 elementor-1020\" data-elementor-post-type=\"page\">\n\t\t\t\t\t\t<section class=\"elementor-section elementor-top-section elementor-element elementor-element-91b7f19 elementor-section-boxed elementor-section-height-default elementor-section-height-default\" data-id=\"91b7f19\" data-element_type=\"section\" data-settings=\"{&quot;background_background&quot;:&quot;classic&quot;}\">\n\t\t\t\t\t\t<div class=\"elementor-container elementor-column-gap-default\">\n\t\t\t\t\t<div class=\"elementor-column elementor-col-100 elementor-top-column elementor-element elementor-element-7cc0ccd\" data-id=\"7cc0ccd\" data-element_type=\"column\">\n\t\t\t<div class=\"elementor-widget-wrap elementor-element-populated\">\n\t\t\t\t\t\t<div class=\"elementor-element elementor-element-fde8545 elementor-widget elementor-widget-heading\" data-id=\"fde8545\" data-element_type=\"widget\" data-widget_type=\"heading.default\">\n\t\t\t\t<div class=\"elementor-widget-container\">\n\t\t\t\t\t<h1 class=\"elementor-heading-title elementor-size-default\">Storage<\/h1>\t\t\t\t<\/div>\n\t\t\t\t<\/div>\n\t\t\t\t\t<\/div>\n\t\t<\/div>\n\t\t\t\t\t<\/div>\n\t\t<\/section>\n\t\t\t\t<section class=\"elementor-section elementor-top-section elementor-element elementor-element-494a9d5 elementor-section-boxed elementor-section-height-default elementor-section-height-default\" data-id=\"494a9d5\" data-element_type=\"section\">\n\t\t\t\t\t\t<div class=\"elementor-container elementor-column-gap-default\">\n\t\t\t\t\t<div class=\"elementor-column elementor-col-100 elementor-top-column elementor-element elementor-element-ad18658\" data-id=\"ad18658\" data-element_type=\"column\">\n\t\t\t<div class=\"elementor-widget-wrap elementor-element-populated\">\n\t\t\t\t\t\t<div class=\"elementor-element elementor-element-49edcfe elementor-widget__width-auto elementor-widget elementor-widget-image\" data-id=\"49edcfe\" data-element_type=\"widget\" data-widget_type=\"image.default\">\n\t\t\t\t<div class=\"elementor-widget-container\">\n\t\t\t\t\t\t\t\t\t\t\t\t\t\t\t<img decoding=\"async\" width=\"147\" height=\"146\" src=\"https:\/\/www.stahovanie.eu\/wp-content\/uploads\/2023\/05\/skladovanie-ikona.png\" class=\"attachment-large size-large wp-image-1449\" alt=\"Ikona skladovanie\" \/>\t\t\t\t\t\t\t\t\t\t\t\t\t\t\t<\/div>\n\t\t\t\t<\/div>\n\t\t\t\t<div class=\"elementor-element elementor-element-56539cd elementor-widget__width-auto elementor-widget elementor-widget-image\" data-id=\"56539cd\" data-element_type=\"widget\" data-widget_type=\"image.default\">\n\t\t\t\t<div class=\"elementor-widget-container\">\n\t\t\t\t\t\t\t\t\t\t\t\t\t\t\t<img decoding=\"async\" width=\"118\" height=\"118\" src=\"https:\/\/www.stahovanie.eu\/wp-content\/uploads\/2023\/05\/Historia.png\" class=\"attachment-full size-full wp-image-1406\" alt=\"17 ro\u010dn\u00e1 hist\u00f3ria\" \/>\t\t\t\t\t\t\t\t\t\t\t\t\t\t\t<\/div>\n\t\t\t\t<\/div>\n\t\t\t\t\t<\/div>\n\t\t<\/div>\n\t\t\t\t\t<\/div>\n\t\t<\/section>\n\t\t\t\t<section class=\"elementor-section elementor-top-section elementor-element elementor-element-fa4764f elementor-section-boxed elementor-section-height-default elementor-section-height-default\" data-id=\"fa4764f\" data-element_type=\"section\">\n\t\t\t\t\t\t<div class=\"elementor-container elementor-column-gap-default\">\n\t\t\t\t\t<div class=\"elementor-column elementor-col-50 elementor-top-column elementor-element elementor-element-7fc641d\" data-id=\"7fc641d\" data-element_type=\"column\">\n\t\t\t<div class=\"elementor-widget-wrap elementor-element-populated\">\n\t\t\t\t\t\t<div class=\"elementor-element elementor-element-b6d5ac8 elementor-widget elementor-widget-image\" data-id=\"b6d5ac8\" data-element_type=\"widget\" data-widget_type=\"image.default\">\n\t\t\t\t<div class=\"elementor-widget-container\">\n\t\t\t\t\t\t\t\t\t\t\t\t\t\t\t<img fetchpriority=\"high\" decoding=\"async\" width=\"1000\" height=\"665\" src=\"https:\/\/www.stahovanie.eu\/wp-content\/uploads\/2023\/05\/stahovanie-eu-skladovanie-2.jpg\" class=\"attachment-full size-full wp-image-1637\" alt=\"\u017dena v reflexnej veste pou\u017e\u00edva tablet v sklade.\" srcset=\"https:\/\/www.stahovanie.eu\/wp-content\/uploads\/2023\/05\/stahovanie-eu-skladovanie-2.jpg 1000w, https:\/\/www.stahovanie.eu\/wp-content\/uploads\/2023\/05\/stahovanie-eu-skladovanie-2-300x200.jpg 300w, https:\/\/www.stahovanie.eu\/wp-content\/uploads\/2023\/05\/stahovanie-eu-skladovanie-2-768x511.jpg 768w\" sizes=\"(max-width: 1000px) 100vw, 1000px\" \/>\t\t\t\t\t\t\t\t\t\t\t\t\t\t\t<\/div>\n\t\t\t\t<\/div>\n\t\t\t\t\t<\/div>\n\t\t<\/div>\n\t\t\t\t<div class=\"elementor-column elementor-col-50 elementor-top-column elementor-element elementor-element-7893c37\" data-id=\"7893c37\" data-element_type=\"column\">\n\t\t\t<div class=\"elementor-widget-wrap elementor-element-populated\">\n\t\t\t\t\t\t<div class=\"elementor-element elementor-element-d5cbeb2 elementor-widget elementor-widget-text-editor\" data-id=\"d5cbeb2\" data-element_type=\"widget\" data-widget_type=\"text-editor.default\">\n\t\t\t\t<div class=\"elementor-widget-container\">\n\t\t\t\t\t\t\t\t\t<div class=\"content_section position-1\">\n<article id=\"Article_idm5193372333881786298677-6\">\n<div class=\"Article notab_br decoration-none\">\n<div class=\"content_section position-1\">\n<article id=\"Article_idm5164384109932685992959-6\">\n<div class=\"Article notab_br decoration-none\">\n<div class=\"article_indents\">\n<p class=\"article_indent align-justify\">We offer our customers storage in a heated warehouse. Storage areas are guarded.<\/p>\n<\/div>\n<\/div>\n<\/article>\n<\/div>\n<\/div>\n<\/article>\n<\/div>\n\t\t\t\t\t\t\t\t<\/div>\n\t\t\t\t<\/div>\n\t\t\t\t\t<\/div>\n\t\t<\/div>\n\t\t\t\t\t<\/div>\n\t\t<\/section>\n\t\t\t\t<section class=\"elementor-section elementor-top-section elementor-element elementor-element-94494fe elementor-section-boxed elementor-section-height-default elementor-section-height-default\" data-id=\"94494fe\" data-element_type=\"section\">\n\t\t\t\t\t\t<div class=\"elementor-container elementor-column-gap-default\">\n\t\t\t\t\t<div class=\"elementor-column elementor-col-100 elementor-top-column elementor-element elementor-element-e5b9acf\" data-id=\"e5b9acf\" data-element_type=\"column\">\n\t\t\t<div class=\"elementor-widget-wrap elementor-element-populated\">\n\t\t\t\t\t\t<div class=\"elementor-element elementor-element-8bc42c2 horizontale elementor-widget elementor-widget-toggle\" data-id=\"8bc42c2\" data-element_type=\"widget\" data-widget_type=\"toggle.default\">\n\t\t\t\t<div class=\"elementor-widget-container\">\n\t\t\t\t\t\t\t<div class=\"elementor-toggle\">\n\t\t\t\t\t\t\t<div class=\"elementor-toggle-item\">\n\t\t\t\t\t<div id=\"elementor-tab-title-1461\" class=\"elementor-tab-title\" data-tab=\"1\" role=\"button\" aria-controls=\"elementor-tab-content-1461\" aria-expanded=\"false\">\n\t\t\t\t\t\t\t\t\t\t\t\t<span class=\"elementor-toggle-icon elementor-toggle-icon-left\" aria-hidden=\"true\">\n\t\t\t\t\t\t\t\t\t\t\t\t\t\t\t<span class=\"elementor-toggle-icon-closed\"><i class=\"fas fa-chevron-down\"><\/i><\/span>\n\t\t\t\t\t\t\t\t<span class=\"elementor-toggle-icon-opened\"><i class=\"elementor-toggle-icon-opened fas fa-chevron-up\"><\/i><\/span>\n\t\t\t\t\t\t\t\t\t\t\t\t\t<\/span>\n\t\t\t\t\t\t\t\t\t\t\t\t<a class=\"elementor-toggle-title\" tabindex=\"0\">Prices excl. VAT<\/a>\n\t\t\t\t\t<\/div>\n\n\t\t\t\t\t<div id=\"elementor-tab-content-1461\" class=\"elementor-tab-content elementor-clearfix\" data-tab=\"1\" role=\"region\" aria-labelledby=\"elementor-tab-title-1461\"><table id=\"Table_idm2\" class=\"Table style10 first_row\" data-caption-size=\"\" data-head-size=\"17\" data-cell-size=\"15\" data-intelligent=\"0\" data-intelligent-search=\"0\" data-header-sorter=\"\"><thead class=\"TableHeaderGroup\"><tr class=\"TableRow\"><th class=\"TableHead \">Service<\/th><th class=\"TableHead \">Price<\/th><\/tr><\/thead><tbody class=\"TableBodyGroup\"><tr class=\"TableRow\"><td class=\"TableCell position-1\">Storage\/ 1 pallet per day (1,5m\u00b3)<\/td><td class=\"TableCell position-2\">0,55 \u20ac<\/td><\/tr><tr class=\"TableRow\"><td class=\"TableCell position-1\">Handling \/ 1 pallet<\/td><td class=\"TableCell position-2\">1,80 \u20ac<\/td><\/tr><tr class=\"TableRow\"><td class=\"TableCell position-1\">Handling \/ 1 worker per hour<\/td><td class=\"TableCell position-2\">16 \u20ac<\/td><\/tr><\/tbody><\/table><\/div>\n\t\t\t\t<\/div>\n\t\t\t\t\t\t\t\t<\/div>\n\t\t\t\t\t\t<\/div>\n\t\t\t\t<\/div>\n\t\t\t\t\t<\/div>\n\t\t<\/div>\n\t\t\t\t\t<\/div>\n\t\t<\/section>\n\t\t\t\t<section class=\"elementor-section elementor-top-section elementor-element elementor-element-a43a063 elementor-section-boxed elementor-section-height-default elementor-section-height-default\" data-id=\"a43a063\" data-element_type=\"section\">\n\t\t\t\t\t\t<div class=\"elementor-container elementor-column-gap-default\">\n\t\t\t\t\t<div class=\"elementor-column elementor-col-100 elementor-top-column elementor-element elementor-element-6d99d98\" data-id=\"6d99d98\" data-element_type=\"column\">\n\t\t\t<div class=\"elementor-widget-wrap elementor-element-populated\">\n\t\t\t\t\t\t<div class=\"elementor-element elementor-element-b607a4e horizontale elementor-widget elementor-widget-toggle\" data-id=\"b607a4e\" data-element_type=\"widget\" data-widget_type=\"toggle.default\">\n\t\t\t\t<div class=\"elementor-widget-container\">\n\t\t\t\t\t\t\t<div class=\"elementor-toggle\">\n\t\t\t\t\t\t\t<div class=\"elementor-toggle-item\">\n\t\t\t\t\t<div id=\"elementor-tab-title-1901\" class=\"elementor-tab-title\" data-tab=\"1\" role=\"button\" aria-controls=\"elementor-tab-content-1901\" aria-expanded=\"false\">\n\t\t\t\t\t\t\t\t\t\t\t\t<span class=\"elementor-toggle-icon elementor-toggle-icon-left\" aria-hidden=\"true\">\n\t\t\t\t\t\t\t\t\t\t\t\t\t\t\t<span class=\"elementor-toggle-icon-closed\"><i class=\"fas fa-chevron-down\"><\/i><\/span>\n\t\t\t\t\t\t\t\t<span class=\"elementor-toggle-icon-opened\"><i class=\"elementor-toggle-icon-opened fas fa-chevron-up\"><\/i><\/span>\n\t\t\t\t\t\t\t\t\t\t\t\t\t<\/span>\n\t\t\t\t\t\t\t\t\t\t\t\t<a class=\"elementor-toggle-title\" tabindex=\"0\">Prices incl. VAT<\/a>\n\t\t\t\t\t<\/div>\n\n\t\t\t\t\t<div id=\"elementor-tab-content-1901\" class=\"elementor-tab-content elementor-clearfix\" data-tab=\"1\" role=\"region\" aria-labelledby=\"elementor-tab-title-1901\"><table id=\"Table_idm2\" class=\"Table style10 first_row\" data-caption-size=\"\" data-head-size=\"17\" data-cell-size=\"15\" data-intelligent=\"0\" data-intelligent-search=\"0\" data-header-sorter=\"\"><thead class=\"TableHeaderGroup\"><tr class=\"TableRow\"><th class=\"TableHead \">Service<\/th><th class=\"TableHead \">Price<\/th><\/tr><\/thead><tbody class=\"TableBodyGroup\"><tr class=\"TableRow\"><td class=\"TableCell position-1\">Storage\/ 1 pallet per day (1,5m\u00b3)<\/td><td class=\"TableCell position-2\">0,66 \u20ac<\/td><\/tr><tr class=\"TableRow\"><td class=\"TableCell position-1\">Handling \/ 1 pallet<\/td><td class=\"TableCell position-2\">2,16 \u20ac<\/td><\/tr><tr class=\"TableRow\"><td class=\"TableCell position-1\">Handling \/ 1 worker per hour<\/td><td class=\"TableCell position-2\">19,20 \u20ac<\/td><\/tr><\/tbody><\/table><\/div>\n\t\t\t\t<\/div>\n\t\t\t\t\t\t\t\t<\/div>\n\t\t\t\t\t\t<\/div>\n\t\t\t\t<\/div>\n\t\t\t\t\t<\/div>\n\t\t<\/div>\n\t\t\t\t\t<\/div>\n\t\t<\/section>\n\t\t\t\t<section class=\"elementor-section elementor-top-section elementor-element elementor-element-e4768c1 elementor-section-boxed elementor-section-height-default elementor-section-height-default\" data-id=\"e4768c1\" data-element_type=\"section\">\n\t\t\t\t\t\t<div class=\"elementor-container elementor-column-gap-default\">\n\t\t\t\t\t<div class=\"elementor-column elementor-col-100 elementor-top-column elementor-element elementor-element-6e21fe5\" data-id=\"6e21fe5\" data-element_type=\"column\">\n\t\t\t<div class=\"elementor-widget-wrap elementor-element-populated\">\n\t\t\t\t\t\t<div class=\"elementor-element elementor-element-8f2b741 elementor-widget elementor-widget-heading\" data-id=\"8f2b741\" data-element_type=\"widget\" data-widget_type=\"heading.default\">\n\t\t\t\t<div class=\"elementor-widget-container\">\n\t\t\t\t\t<h2 class=\"elementor-heading-title elementor-size-default\">Are you interested or have a question?<\/h2>\t\t\t\t<\/div>\n\t\t\t\t<\/div>\n\t\t\t\t<div class=\"elementor-element elementor-element-1690f0b elementor-align-center elementor-widget elementor-widget-button\" data-id=\"1690f0b\" data-element_type=\"widget\" data-widget_type=\"button.default\">\n\t\t\t\t<div class=\"elementor-widget-container\">\n\t\t\t\t\t\t\t\t\t<div class=\"elementor-button-wrapper\">\n\t\t\t\t\t<a class=\"elementor-button elementor-button-link elementor-size-sm elementor-animation-shrink\" href=\"https:\/\/www.stahovanie.eu\/en\/contact\/\">\n\t\t\t\t\t\t<span class=\"elementor-button-content-wrapper\">\n\t\t\t\t\t\t\t\t\t<span class=\"elementor-button-text\">Contact us<\/span>\n\t\t\t\t\t<\/span>\n\t\t\t\t\t<\/a>\n\t\t\t\t<\/div>\n\t\t\t\t\t\t\t\t<\/div>\n\t\t\t\t<\/div>\n\t\t\t\t\t<\/div>\n\t\t<\/div>\n\t\t\t\t\t<\/div>\n\t\t<\/section>\n\t\t\t\t<\/div>\n\t\t","protected":false},"excerpt":{"rendered":"<p>Storage We offer our customers storage in a heated warehouse. Storage areas are guarded. Prices excl. VAT Service Price Storage\/ 1 pallet per day (1,5m\u00b3) 0,55 \u20ac Handling \/ 1 pallet 1,80 \u20ac Handling \/ 1 worker per hour 16 \u20ac Prices incl. VAT Service Price Storage\/ 1 pallet per day (1,5m\u00b3) 0,66 \u20ac Handling [&hellip;]<\/p>\n","protected":false},"author":3,"featured_media":0,"parent":0,"menu_order":0,"comment_status":"closed","ping_status":"closed","template":"elementor_header_footer","meta":{"footnotes":""},"class_list":["post-1498","page","type-page","status-publish","hentry"],"yoast_head":"<!-- This site is optimized with the Yoast SEO plugin v26.4 - https:\/\/yoast.com\/wordpress\/plugins\/seo\/ -->\n<title>Storage - LOBO GROUP - profesion\u00e1lne s\u0165ahovanie<\/title>\n<meta name=\"robots\" content=\"index, follow, max-snippet:-1, max-image-preview:large, max-video-preview:-1\" \/>\n<link rel=\"canonical\" href=\"https:\/\/www.stahovanie.eu\/en\/storage\/\" \/>\n<meta property=\"og:locale\" content=\"en_US\" \/>\n<meta property=\"og:type\" content=\"article\" \/>\n<meta property=\"og:title\" content=\"Storage - LOBO GROUP - profesion\u00e1lne s\u0165ahovanie\" \/>\n<meta property=\"og:description\" content=\"Storage We offer our customers storage in a heated warehouse. Storage areas are guarded. Prices excl. VAT Service Price Storage\/ 1 pallet per day (1,5m\u00b3) 0,55 \u20ac Handling \/ 1 pallet 1,80 \u20ac Handling \/ 1 worker per hour 16 \u20ac Prices incl. VAT Service Price Storage\/ 1 pallet per day (1,5m\u00b3) 0,66 \u20ac Handling [&hellip;]\" \/>\n<meta property=\"og:url\" content=\"https:\/\/www.stahovanie.eu\/en\/storage\/\" \/>\n<meta property=\"og:site_name\" content=\"LOBO GROUP - profesion\u00e1lne s\u0165ahovanie\" \/>\n<meta property=\"article:modified_time\" content=\"2025-11-17T12:03:13+00:00\" \/>\n<meta property=\"og:image\" content=\"https:\/\/www.stahovanie.eu\/wp-content\/uploads\/2023\/05\/skladovanie-ikona.png\" \/>\n\t<meta property=\"og:image:width\" content=\"147\" \/>\n\t<meta property=\"og:image:height\" content=\"146\" \/>\n\t<meta property=\"og:image:type\" content=\"image\/png\" \/>\n<meta name=\"twitter:card\" content=\"summary_large_image\" \/>\n<meta name=\"twitter:label1\" content=\"Est. reading time\" \/>\n\t<meta name=\"twitter:data1\" content=\"1 minute\" \/>\n<script type=\"application\/ld+json\" class=\"yoast-schema-graph\">{\"@context\":\"https:\/\/schema.org\",\"@graph\":[{\"@type\":\"WebPage\",\"@id\":\"https:\/\/www.stahovanie.eu\/en\/storage\/\",\"url\":\"https:\/\/www.stahovanie.eu\/en\/storage\/\",\"name\":\"Storage - LOBO GROUP - profesion\u00e1lne s\u0165ahovanie\",\"isPartOf\":{\"@id\":\"https:\/\/www.stahovanie.eu\/#website\"},\"primaryImageOfPage\":{\"@id\":\"https:\/\/www.stahovanie.eu\/en\/storage\/#primaryimage\"},\"image\":{\"@id\":\"https:\/\/www.stahovanie.eu\/en\/storage\/#primaryimage\"},\"thumbnailUrl\":\"https:\/\/www.stahovanie.eu\/wp-content\/uploads\/2023\/05\/skladovanie-ikona.png\",\"datePublished\":\"2023-05-08T16:59:13+00:00\",\"dateModified\":\"2025-11-17T12:03:13+00:00\",\"breadcrumb\":{\"@id\":\"https:\/\/www.stahovanie.eu\/en\/storage\/#breadcrumb\"},\"inLanguage\":\"en-US\",\"potentialAction\":[{\"@type\":\"ReadAction\",\"target\":[\"https:\/\/www.stahovanie.eu\/en\/storage\/\"]}]},{\"@type\":\"ImageObject\",\"inLanguage\":\"en-US\",\"@id\":\"https:\/\/www.stahovanie.eu\/en\/storage\/#primaryimage\",\"url\":\"https:\/\/www.stahovanie.eu\/wp-content\/uploads\/2023\/05\/skladovanie-ikona.png\",\"contentUrl\":\"https:\/\/www.stahovanie.eu\/wp-content\/uploads\/2023\/05\/skladovanie-ikona.png\"},{\"@type\":\"BreadcrumbList\",\"@id\":\"https:\/\/www.stahovanie.eu\/en\/storage\/#breadcrumb\",\"itemListElement\":[{\"@type\":\"ListItem\",\"position\":1,\"name\":\"Home\",\"item\":\"https:\/\/www.stahovanie.eu\/en\/\"},{\"@type\":\"ListItem\",\"position\":2,\"name\":\"Storage\"}]},{\"@type\":\"WebSite\",\"@id\":\"https:\/\/www.stahovanie.eu\/#website\",\"url\":\"https:\/\/www.stahovanie.eu\/\",\"name\":\"LOBO GROUP - profesion\u00e1lne s\u0165ahovanie\",\"description\":\"\",\"publisher\":{\"@id\":\"https:\/\/www.stahovanie.eu\/#organization\"},\"potentialAction\":[{\"@type\":\"SearchAction\",\"target\":{\"@type\":\"EntryPoint\",\"urlTemplate\":\"https:\/\/www.stahovanie.eu\/?s={search_term_string}\"},\"query-input\":{\"@type\":\"PropertyValueSpecification\",\"valueRequired\":true,\"valueName\":\"search_term_string\"}}],\"inLanguage\":\"en-US\"},{\"@type\":\"Organization\",\"@id\":\"https:\/\/www.stahovanie.eu\/#organization\",\"name\":\"LOBO GROUP - profesion\u00e1lne s\u0165ahovanie\",\"url\":\"https:\/\/www.stahovanie.eu\/\",\"logo\":{\"@type\":\"ImageObject\",\"inLanguage\":\"en-US\",\"@id\":\"https:\/\/www.stahovanie.eu\/#\/schema\/logo\/image\/\",\"url\":\"https:\/\/www.stahovanie.eu\/wp-content\/uploads\/2021\/02\/LogoLobo-1.png\",\"contentUrl\":\"https:\/\/www.stahovanie.eu\/wp-content\/uploads\/2021\/02\/LogoLobo-1.png\",\"width\":350,\"height\":101,\"caption\":\"LOBO GROUP -  profesion\u00e1lne s\u0165ahovanie\"},\"image\":{\"@id\":\"https:\/\/www.stahovanie.eu\/#\/schema\/logo\/image\/\"}}]}<\/script>\n<!-- \/ Yoast SEO plugin. -->","yoast_head_json":{"title":"Storage - LOBO GROUP - profesion\u00e1lne s\u0165ahovanie","robots":{"index":"index","follow":"follow","max-snippet":"max-snippet:-1","max-image-preview":"max-image-preview:large","max-video-preview":"max-video-preview:-1"},"canonical":"https:\/\/www.stahovanie.eu\/en\/storage\/","og_locale":"en_US","og_type":"article","og_title":"Storage - LOBO GROUP - profesion\u00e1lne s\u0165ahovanie","og_description":"Storage We offer our customers storage in a heated warehouse. Storage areas are guarded. Prices excl. VAT Service Price Storage\/ 1 pallet per day (1,5m\u00b3) 0,55 \u20ac Handling \/ 1 pallet 1,80 \u20ac Handling \/ 1 worker per hour 16 \u20ac Prices incl. VAT Service Price Storage\/ 1 pallet per day (1,5m\u00b3) 0,66 \u20ac Handling [&hellip;]","og_url":"https:\/\/www.stahovanie.eu\/en\/storage\/","og_site_name":"LOBO GROUP - profesion\u00e1lne s\u0165ahovanie","article_modified_time":"2025-11-17T12:03:13+00:00","og_image":[{"width":147,"height":146,"url":"https:\/\/www.stahovanie.eu\/wp-content\/uploads\/2023\/05\/skladovanie-ikona.png","type":"image\/png"}],"twitter_card":"summary_large_image","twitter_misc":{"Est. reading time":"1 minute"},"schema":{"@context":"https:\/\/schema.org","@graph":[{"@type":"WebPage","@id":"https:\/\/www.stahovanie.eu\/en\/storage\/","url":"https:\/\/www.stahovanie.eu\/en\/storage\/","name":"Storage - LOBO GROUP - profesion\u00e1lne s\u0165ahovanie","isPartOf":{"@id":"https:\/\/www.stahovanie.eu\/#website"},"primaryImageOfPage":{"@id":"https:\/\/www.stahovanie.eu\/en\/storage\/#primaryimage"},"image":{"@id":"https:\/\/www.stahovanie.eu\/en\/storage\/#primaryimage"},"thumbnailUrl":"https:\/\/www.stahovanie.eu\/wp-content\/uploads\/2023\/05\/skladovanie-ikona.png","datePublished":"2023-05-08T16:59:13+00:00","dateModified":"2025-11-17T12:03:13+00:00","breadcrumb":{"@id":"https:\/\/www.stahovanie.eu\/en\/storage\/#breadcrumb"},"inLanguage":"en-US","potentialAction":[{"@type":"ReadAction","target":["https:\/\/www.stahovanie.eu\/en\/storage\/"]}]},{"@type":"ImageObject","inLanguage":"en-US","@id":"https:\/\/www.stahovanie.eu\/en\/storage\/#primaryimage","url":"https:\/\/www.stahovanie.eu\/wp-content\/uploads\/2023\/05\/skladovanie-ikona.png","contentUrl":"https:\/\/www.stahovanie.eu\/wp-content\/uploads\/2023\/05\/skladovanie-ikona.png"},{"@type":"BreadcrumbList","@id":"https:\/\/www.stahovanie.eu\/en\/storage\/#breadcrumb","itemListElement":[{"@type":"ListItem","position":1,"name":"Home","item":"https:\/\/www.stahovanie.eu\/en\/"},{"@type":"ListItem","position":2,"name":"Storage"}]},{"@type":"WebSite","@id":"https:\/\/www.stahovanie.eu\/#website","url":"https:\/\/www.stahovanie.eu\/","name":"LOBO GROUP - profesion\u00e1lne s\u0165ahovanie","description":"","publisher":{"@id":"https:\/\/www.stahovanie.eu\/#organization"},"potentialAction":[{"@type":"SearchAction","target":{"@type":"EntryPoint","urlTemplate":"https:\/\/www.stahovanie.eu\/?s={search_term_string}"},"query-input":{"@type":"PropertyValueSpecification","valueRequired":true,"valueName":"search_term_string"}}],"inLanguage":"en-US"},{"@type":"Organization","@id":"https:\/\/www.stahovanie.eu\/#organization","name":"LOBO GROUP - profesion\u00e1lne s\u0165ahovanie","url":"https:\/\/www.stahovanie.eu\/","logo":{"@type":"ImageObject","inLanguage":"en-US","@id":"https:\/\/www.stahovanie.eu\/#\/schema\/logo\/image\/","url":"https:\/\/www.stahovanie.eu\/wp-content\/uploads\/2021\/02\/LogoLobo-1.png","contentUrl":"https:\/\/www.stahovanie.eu\/wp-content\/uploads\/2021\/02\/LogoLobo-1.png","width":350,"height":101,"caption":"LOBO GROUP -  profesion\u00e1lne s\u0165ahovanie"},"image":{"@id":"https:\/\/www.stahovanie.eu\/#\/schema\/logo\/image\/"}}]}},"_links":{"self":[{"href":"https:\/\/www.stahovanie.eu\/en\/wp-json\/wp\/v2\/pages\/1498","targetHints":{"allow":["GET"]}}],"collection":[{"href":"https:\/\/www.stahovanie.eu\/en\/wp-json\/wp\/v2\/pages"}],"about":[{"href":"https:\/\/www.stahovanie.eu\/en\/wp-json\/wp\/v2\/types\/page"}],"author":[{"embeddable":true,"href":"https:\/\/www.stahovanie.eu\/en\/wp-json\/wp\/v2\/users\/3"}],"replies":[{"embeddable":true,"href":"https:\/\/www.stahovanie.eu\/en\/wp-json\/wp\/v2\/comments?post=1498"}],"version-history":[{"count":10,"href":"https:\/\/www.stahovanie.eu\/en\/wp-json\/wp\/v2\/pages\/1498\/revisions"}],"predecessor-version":[{"id":2229,"href":"https:\/\/www.stahovanie.eu\/en\/wp-json\/wp\/v2\/pages\/1498\/revisions\/2229"}],"wp:attachment":[{"href":"https:\/\/www.stahovanie.eu\/en\/wp-json\/wp\/v2\/media?parent=1498"}],"curies":[{"name":"wp","href":"https:\/\/api.w.org\/{rel}","templated":true}]}}