{"id":1490,"date":"2023-05-06T12:25:17","date_gmt":"2023-05-06T10:25:17","guid":{"rendered":"https:\/\/www.stahovanie.eu\/about-us\/"},"modified":"2026-02-25T15:36:57","modified_gmt":"2026-02-25T14:36:57","slug":"about-us","status":"publish","type":"page","link":"https:\/\/www.stahovanie.eu\/en\/about-us\/","title":{"rendered":"About us"},"content":{"rendered":"\t\t<div data-elementor-type=\"wp-post\" data-elementor-id=\"1490\" class=\"elementor elementor-1490 elementor-850\" data-elementor-post-type=\"page\">\n\t\t\t\t\t\t<section class=\"elementor-section elementor-top-section elementor-element elementor-element-91b7f19 elementor-section-boxed elementor-section-height-default elementor-section-height-default\" data-id=\"91b7f19\" data-element_type=\"section\" data-settings=\"{&quot;background_background&quot;:&quot;classic&quot;}\">\n\t\t\t\t\t\t<div class=\"elementor-container elementor-column-gap-default\">\n\t\t\t\t\t<div class=\"elementor-column elementor-col-100 elementor-top-column elementor-element elementor-element-7cc0ccd\" data-id=\"7cc0ccd\" data-element_type=\"column\">\n\t\t\t<div class=\"elementor-widget-wrap elementor-element-populated\">\n\t\t\t\t\t\t<div class=\"elementor-element elementor-element-fde8545 elementor-widget elementor-widget-heading\" data-id=\"fde8545\" data-element_type=\"widget\" data-widget_type=\"heading.default\">\n\t\t\t\t<div class=\"elementor-widget-container\">\n\t\t\t\t\t<h1 class=\"elementor-heading-title elementor-size-default\">About us<\/h1>\t\t\t\t<\/div>\n\t\t\t\t<\/div>\n\t\t\t\t\t<\/div>\n\t\t<\/div>\n\t\t\t\t\t<\/div>\n\t\t<\/section>\n\t\t\t\t<section class=\"elementor-section elementor-top-section elementor-element elementor-element-494a9d5 elementor-section-boxed elementor-section-height-default elementor-section-height-default\" data-id=\"494a9d5\" data-element_type=\"section\">\n\t\t\t\t\t\t<div class=\"elementor-container elementor-column-gap-default\">\n\t\t\t\t\t<div class=\"elementor-column elementor-col-100 elementor-top-column elementor-element elementor-element-ad18658\" data-id=\"ad18658\" data-element_type=\"column\">\n\t\t\t<div class=\"elementor-widget-wrap elementor-element-populated\">\n\t\t\t\t\t\t<div class=\"elementor-element elementor-element-56539cd elementor-widget__width-auto elementor-widget elementor-widget-image\" data-id=\"56539cd\" data-element_type=\"widget\" data-widget_type=\"image.default\">\n\t\t\t\t<div class=\"elementor-widget-container\">\n\t\t\t\t\t\t\t\t\t\t\t\t\t\t\t<img decoding=\"async\" width=\"118\" height=\"118\" src=\"https:\/\/www.stahovanie.eu\/wp-content\/uploads\/2023\/05\/Historia.png\" class=\"attachment-full size-full wp-image-1406\" alt=\"17 ro\u010dn\u00e1 hist\u00f3ria\" \/>\t\t\t\t\t\t\t\t\t\t\t\t\t\t\t<\/div>\n\t\t\t\t<\/div>\n\t\t\t\t\t<\/div>\n\t\t<\/div>\n\t\t\t\t\t<\/div>\n\t\t<\/section>\n\t\t\t\t<section class=\"elementor-section elementor-top-section elementor-element elementor-element-fa4764f elementor-section-boxed elementor-section-height-default elementor-section-height-default\" data-id=\"fa4764f\" data-element_type=\"section\">\n\t\t\t\t\t\t<div class=\"elementor-container elementor-column-gap-default\">\n\t\t\t\t\t<div class=\"elementor-column elementor-col-50 elementor-top-column elementor-element elementor-element-7fc641d\" data-id=\"7fc641d\" data-element_type=\"column\">\n\t\t\t<div class=\"elementor-widget-wrap elementor-element-populated\">\n\t\t\t\t\t\t<div class=\"elementor-element elementor-element-b6d5ac8 elementor-widget elementor-widget-image\" data-id=\"b6d5ac8\" data-element_type=\"widget\" data-widget_type=\"image.default\">\n\t\t\t\t<div class=\"elementor-widget-container\">\n\t\t\t\t\t\t\t\t\t\t\t\t\t\t\t<img fetchpriority=\"high\" decoding=\"async\" width=\"640\" height=\"452\" src=\"https:\/\/www.stahovanie.eu\/wp-content\/uploads\/2023\/05\/Balenie-1.png\" class=\"attachment-full size-full wp-image-1408\" alt=\"\" srcset=\"https:\/\/www.stahovanie.eu\/wp-content\/uploads\/2023\/05\/Balenie-1.png 640w, https:\/\/www.stahovanie.eu\/wp-content\/uploads\/2023\/05\/Balenie-1-300x212.png 300w\" sizes=\"(max-width: 640px) 100vw, 640px\" \/>\t\t\t\t\t\t\t\t\t\t\t\t\t\t\t<\/div>\n\t\t\t\t<\/div>\n\t\t\t\t\t<\/div>\n\t\t<\/div>\n\t\t\t\t<div class=\"elementor-column elementor-col-50 elementor-top-column elementor-element elementor-element-7893c37\" data-id=\"7893c37\" data-element_type=\"column\">\n\t\t\t<div class=\"elementor-widget-wrap elementor-element-populated\">\n\t\t\t\t\t\t<div class=\"elementor-element elementor-element-c020203 elementor-widget elementor-widget-heading\" data-id=\"c020203\" data-element_type=\"widget\" data-widget_type=\"heading.default\">\n\t\t\t\t<div class=\"elementor-widget-container\">\n\t\t\t\t\t<h2 class=\"elementor-heading-title elementor-size-default\">Professional moving services<\/h2>\t\t\t\t<\/div>\n\t\t\t\t<\/div>\n\t\t\t\t<div class=\"elementor-element elementor-element-d5cbeb2 elementor-widget elementor-widget-text-editor\" data-id=\"d5cbeb2\" data-element_type=\"widget\" data-widget_type=\"text-editor.default\">\n\t\t\t\t<div class=\"elementor-widget-container\">\n\t\t\t\t\t\t\t\t\t<p class=\"article_indent align-justify\">We provide moving in whole Slovak Republic and Europe. Do not hesitate and ask us, how to move your flat, house or office within the shortest amount of time and expenses.<\/p>\n<p class=\"article_indent align-justify\">Our references will show you our reliability in the best way.<\/p>\n\t\t\t\t\t\t\t\t<\/div>\n\t\t\t\t<\/div>\n\t\t\t\t\t<\/div>\n\t\t<\/div>\n\t\t\t\t\t<\/div>\n\t\t<\/section>\n\t\t\t\t<section class=\"elementor-section elementor-top-section elementor-element elementor-element-beeef50 elementor-section-boxed elementor-section-height-default elementor-section-height-default\" data-id=\"beeef50\" data-element_type=\"section\">\n\t\t\t\t\t\t<div class=\"elementor-container elementor-column-gap-default\">\n\t\t\t\t\t<div class=\"elementor-column elementor-col-100 elementor-top-column elementor-element elementor-element-a27cfe9\" data-id=\"a27cfe9\" data-element_type=\"column\">\n\t\t\t<div class=\"elementor-widget-wrap elementor-element-populated\">\n\t\t\t\t\t\t<div class=\"elementor-element elementor-element-56d7e56 elementor-widget elementor-widget-text-editor\" data-id=\"56d7e56\" data-element_type=\"widget\" data-widget_type=\"text-editor.default\">\n\t\t\t\t<div class=\"elementor-widget-container\">\n\t\t\t\t\t\t\t\t\t<p class=\"article_indent align-justify\">We are on the market since 2006 and we helped to move more than hundred companies and thousands of persons. Branches in Bratislava and Ko\u0161ice are ready to serve the whole of Slovakia.<\/p>\n<p class=\"article_indent align-justify\">See for yourself the quality and reliability of our team, it will be our pleasure. Our aim is customer&#8217;s satisfaction. We are flexible, accomodating and we offer extended range of services, performed by semi-skilled workers. <br class=\"one-br\">In 2016, we obtained the ISO9001 quality management certificate.<\/p>\n<p class=\"article_indent align-justify\"><strong>The company has liability insurance for damages caused by moving, transporting and handling of the moved goods at home and abroad.<\/strong><\/p>\n\t\t\t\t\t\t\t\t<\/div>\n\t\t\t\t<\/div>\n\t\t\t\t\t<\/div>\n\t\t<\/div>\n\t\t\t\t\t<\/div>\n\t\t<\/section>\n\t\t\t\t<section class=\"elementor-section elementor-top-section elementor-element elementor-element-a0e98d4 elementor-section-boxed elementor-section-height-default elementor-section-height-default\" data-id=\"a0e98d4\" data-element_type=\"section\">\n\t\t\t\t\t\t<div class=\"elementor-container elementor-column-gap-default\">\n\t\t\t\t\t<div class=\"elementor-column elementor-col-100 elementor-top-column elementor-element elementor-element-906db74\" data-id=\"906db74\" data-element_type=\"column\">\n\t\t\t<div class=\"elementor-widget-wrap elementor-element-populated\">\n\t\t\t\t\t\t<div class=\"elementor-element elementor-element-8b9a259 elementor-widget elementor-widget-heading\" data-id=\"8b9a259\" data-element_type=\"widget\" data-widget_type=\"heading.default\">\n\t\t\t\t<div class=\"elementor-widget-container\">\n\t\t\t\t\t<h2 class=\"elementor-heading-title elementor-size-default\">They trust us:<\/h2>\t\t\t\t<\/div>\n\t\t\t\t<\/div>\n\t\t\t\t<div class=\"elementor-element elementor-element-a028226 elementor-skin-carousel elementor-arrows-yes elementor-widget elementor-widget-media-carousel\" data-id=\"a028226\" data-element_type=\"widget\" data-settings=\"{&quot;slides_per_view&quot;:&quot;5&quot;,&quot;slides_per_view_mobile&quot;:&quot;3&quot;,&quot;autoplay_speed&quot;:3000,&quot;space_between&quot;:{&quot;unit&quot;:&quot;px&quot;,&quot;size&quot;:80,&quot;sizes&quot;:[]},&quot;skin&quot;:&quot;carousel&quot;,&quot;effect&quot;:&quot;slide&quot;,&quot;show_arrows&quot;:&quot;yes&quot;,&quot;speed&quot;:500,&quot;autoplay&quot;:&quot;yes&quot;,&quot;loop&quot;:&quot;yes&quot;,&quot;pause_on_hover&quot;:&quot;yes&quot;,&quot;space_between_tablet&quot;:{&quot;unit&quot;:&quot;px&quot;,&quot;size&quot;:10,&quot;sizes&quot;:[]},&quot;space_between_mobile&quot;:{&quot;unit&quot;:&quot;px&quot;,&quot;size&quot;:10,&quot;sizes&quot;:[]}}\" data-widget_type=\"media-carousel.default\">\n\t\t\t\t<div class=\"elementor-widget-container\">\n\t\t\t\t\t\t\t\t\t<div class=\"elementor-swiper\">\n\t\t\t\t\t<div class=\"elementor-main-swiper swiper\" role=\"region\" aria-roledescription=\"carousel\" aria-label=\"Slides\">\n\t\t\t\t<div class=\"swiper-wrapper\">\n\t\t\t\t\t\t\t\t\t\t\t<div class=\"swiper-slide\" role=\"group\" aria-roledescription=\"slide\">\n\t\t\t\t\t\t\t\t\t<div class=\"elementor-carousel-image\" role=\"img\" aria-label=\"Logo referencia 4\" style=\"background-image: url(&#039;https:\/\/www.stahovanie.eu\/wp-content\/uploads\/2023\/05\/Logo-referencia-4.png&#039;)\">\n\n\t\t\t\n\t\t\t\t\t<\/div>\n\t\t\t\t\t\t\t\t<\/div>\n\t\t\t\t\t\t\t\t\t\t\t<div class=\"swiper-slide\" role=\"group\" aria-roledescription=\"slide\">\n\t\t\t\t\t\t\t\t\t<div class=\"elementor-carousel-image\" role=\"img\" aria-label=\"Logo referencia 2\" style=\"background-image: url(&#039;https:\/\/www.stahovanie.eu\/wp-content\/uploads\/2023\/05\/Logo-referencia-2.png&#039;)\">\n\n\t\t\t\n\t\t\t\t\t<\/div>\n\t\t\t\t\t\t\t\t<\/div>\n\t\t\t\t\t\t\t\t\t\t\t<div class=\"swiper-slide\" role=\"group\" aria-roledescription=\"slide\">\n\t\t\t\t\t\t\t\t\t<div class=\"elementor-carousel-image\" role=\"img\" aria-label=\"Logo referencia 1\" style=\"background-image: url(&#039;https:\/\/www.stahovanie.eu\/wp-content\/uploads\/2023\/05\/Logo-referencia-1.png&#039;)\">\n\n\t\t\t\n\t\t\t\t\t<\/div>\n\t\t\t\t\t\t\t\t<\/div>\n\t\t\t\t\t\t\t\t\t\t\t<div class=\"swiper-slide\" role=\"group\" aria-roledescription=\"slide\">\n\t\t\t\t\t\t\t\t\t<div class=\"elementor-carousel-image\" role=\"img\" aria-label=\"Logo referencia 5\" style=\"background-image: url(&#039;https:\/\/www.stahovanie.eu\/wp-content\/uploads\/2023\/05\/Logo-referencia-5.png&#039;)\">\n\n\t\t\t\n\t\t\t\t\t<\/div>\n\t\t\t\t\t\t\t\t<\/div>\n\t\t\t\t\t\t\t\t\t\t\t<div class=\"swiper-slide\" role=\"group\" aria-roledescription=\"slide\">\n\t\t\t\t\t\t\t\t\t<div class=\"elementor-carousel-image\" role=\"img\" aria-label=\"Logo referencia 3\" style=\"background-image: url(&#039;https:\/\/www.stahovanie.eu\/wp-content\/uploads\/2023\/05\/Logo-referencia-3.png&#039;)\">\n\n\t\t\t\n\t\t\t\t\t<\/div>\n\t\t\t\t\t\t\t\t<\/div>\n\t\t\t\t\t\t\t\t\t\t\t<div class=\"swiper-slide\" role=\"group\" aria-roledescription=\"slide\">\n\t\t\t\t\t\t\t\t\t<div class=\"elementor-carousel-image\" role=\"img\" aria-label=\"Logo referencia 8 (1)\" style=\"background-image: url(&#039;https:\/\/www.stahovanie.eu\/wp-content\/uploads\/2023\/05\/Logo-referencia-8-1.png&#039;)\">\n\n\t\t\t\n\t\t\t\t\t<\/div>\n\t\t\t\t\t\t\t\t<\/div>\n\t\t\t\t\t\t\t\t\t\t\t<div class=\"swiper-slide\" role=\"group\" aria-roledescription=\"slide\">\n\t\t\t\t\t\t\t\t\t<div class=\"elementor-carousel-image\" role=\"img\" aria-label=\"Logo referencia 6\" style=\"background-image: url(&#039;https:\/\/www.stahovanie.eu\/wp-content\/uploads\/2023\/05\/Logo-referencia-6.png&#039;)\">\n\n\t\t\t\n\t\t\t\t\t<\/div>\n\t\t\t\t\t\t\t\t<\/div>\n\t\t\t\t\t\t\t\t\t<\/div>\n\t\t\t\t\t\t\t\t\t\t\t\t\t\t\t<div class=\"elementor-swiper-button elementor-swiper-button-prev\" role=\"button\" tabindex=\"0\" aria-label=\"Previous\">\n\t\t\t\t\t\t\t<i aria-hidden=\"true\" class=\"eicon-chevron-left\"><\/i>\t\t\t\t\t\t<\/div>\n\t\t\t\t\t\t<div class=\"elementor-swiper-button elementor-swiper-button-next\" role=\"button\" tabindex=\"0\" aria-label=\"Next\">\n\t\t\t\t\t\t\t<i aria-hidden=\"true\" class=\"eicon-chevron-right\"><\/i>\t\t\t\t\t\t<\/div>\n\t\t\t\t\t\t\t\t\t\t\t\t\t\t\t\t\t<\/div>\n\t\t\t\t<\/div>\n\t\t\t\t\t\t\t\t<\/div>\n\t\t\t\t<\/div>\n\t\t\t\t\t<\/div>\n\t\t<\/div>\n\t\t\t\t\t<\/div>\n\t\t<\/section>\n\t\t\t\t<section class=\"elementor-section elementor-top-section elementor-element elementor-element-53aa9e8 elementor-section-boxed elementor-section-height-default elementor-section-height-default\" data-id=\"53aa9e8\" data-element_type=\"section\">\n\t\t\t\t\t\t<div class=\"elementor-container elementor-column-gap-default\">\n\t\t\t\t\t<div class=\"elementor-column elementor-col-100 elementor-top-column elementor-element elementor-element-29446c2\" data-id=\"29446c2\" data-element_type=\"column\">\n\t\t\t<div class=\"elementor-widget-wrap elementor-element-populated\">\n\t\t\t\t\t\t<div class=\"elementor-element elementor-element-17dce74 elementor-widget elementor-widget-heading\" data-id=\"17dce74\" data-element_type=\"widget\" data-widget_type=\"heading.default\">\n\t\t\t\t<div class=\"elementor-widget-container\">\n\t\t\t\t\t<h2 class=\"elementor-heading-title elementor-size-default\">Are you interested or have a question?<\/h2>\t\t\t\t<\/div>\n\t\t\t\t<\/div>\n\t\t\t\t<div class=\"elementor-element elementor-element-08b593c elementor-align-center elementor-widget elementor-widget-button\" data-id=\"08b593c\" data-element_type=\"widget\" data-widget_type=\"button.default\">\n\t\t\t\t<div class=\"elementor-widget-container\">\n\t\t\t\t\t\t\t\t\t<div class=\"elementor-button-wrapper\">\n\t\t\t\t\t<a class=\"elementor-button elementor-button-link elementor-size-sm elementor-animation-shrink\" href=\"https:\/\/www.stahovanie.eu\/en\/contact\/\">\n\t\t\t\t\t\t<span class=\"elementor-button-content-wrapper\">\n\t\t\t\t\t\t\t\t\t<span class=\"elementor-button-text\">Contact us<\/span>\n\t\t\t\t\t<\/span>\n\t\t\t\t\t<\/a>\n\t\t\t\t<\/div>\n\t\t\t\t\t\t\t\t<\/div>\n\t\t\t\t<\/div>\n\t\t\t\t\t<\/div>\n\t\t<\/div>\n\t\t\t\t\t<\/div>\n\t\t<\/section>\n\t\t\t\t<\/div>\n\t\t","protected":false},"excerpt":{"rendered":"<p>About us Professional moving services We provide moving in whole Slovak Republic and Europe. Do not hesitate and ask us, how to move your flat, house or office within the shortest amount of time and expenses. Our references will show you our reliability in the best way. We are on the market since 2006 and [&hellip;]<\/p>\n","protected":false},"author":3,"featured_media":0,"parent":0,"menu_order":0,"comment_status":"closed","ping_status":"closed","template":"elementor_header_footer","meta":{"footnotes":""},"class_list":["post-1490","page","type-page","status-publish","hentry"],"yoast_head":"<!-- This site is optimized with the Yoast SEO plugin v26.4 - https:\/\/yoast.com\/wordpress\/plugins\/seo\/ -->\n<title>About Us \u2013 Trusted Movers for Homes &amp; Offices<\/title>\n<meta name=\"description\" content=\"Discover our professional moving services across Slovakia and the EU. Experienced team, insured transport, and reliable relocation solutions.\" \/>\n<meta name=\"robots\" content=\"index, follow, max-snippet:-1, max-image-preview:large, max-video-preview:-1\" \/>\n<link rel=\"canonical\" href=\"https:\/\/www.stahovanie.eu\/en\/about-us\/\" \/>\n<meta property=\"og:locale\" content=\"en_US\" \/>\n<meta property=\"og:type\" content=\"article\" \/>\n<meta property=\"og:title\" content=\"About Us \u2013 Trusted Movers for Homes &amp; Offices\" \/>\n<meta property=\"og:description\" content=\"Discover our professional moving services across Slovakia and the EU. Experienced team, insured transport, and reliable relocation solutions.\" \/>\n<meta property=\"og:url\" content=\"https:\/\/www.stahovanie.eu\/en\/about-us\/\" \/>\n<meta property=\"og:site_name\" content=\"LOBO GROUP - profesion\u00e1lne s\u0165ahovanie\" \/>\n<meta property=\"article:modified_time\" content=\"2026-02-25T14:36:57+00:00\" \/>\n<meta property=\"og:image\" content=\"https:\/\/www.stahovanie.eu\/wp-content\/uploads\/2023\/05\/Historia.png\" \/>\n<meta name=\"twitter:card\" content=\"summary_large_image\" \/>\n<meta name=\"twitter:label1\" content=\"Est. reading time\" \/>\n\t<meta name=\"twitter:data1\" content=\"2 minutes\" \/>\n<script type=\"application\/ld+json\" class=\"yoast-schema-graph\">{\"@context\":\"https:\/\/schema.org\",\"@graph\":[{\"@type\":\"WebPage\",\"@id\":\"https:\/\/www.stahovanie.eu\/en\/about-us\/\",\"url\":\"https:\/\/www.stahovanie.eu\/en\/about-us\/\",\"name\":\"About Us \u2013 Trusted Movers for Homes & Offices\",\"isPartOf\":{\"@id\":\"https:\/\/www.stahovanie.eu\/#website\"},\"primaryImageOfPage\":{\"@id\":\"https:\/\/www.stahovanie.eu\/en\/about-us\/#primaryimage\"},\"image\":{\"@id\":\"https:\/\/www.stahovanie.eu\/en\/about-us\/#primaryimage\"},\"thumbnailUrl\":\"https:\/\/www.stahovanie.eu\/wp-content\/uploads\/2023\/05\/Historia.png\",\"datePublished\":\"2023-05-06T10:25:17+00:00\",\"dateModified\":\"2026-02-25T14:36:57+00:00\",\"description\":\"Discover our professional moving services across Slovakia and the EU. Experienced team, insured transport, and reliable relocation solutions.\",\"breadcrumb\":{\"@id\":\"https:\/\/www.stahovanie.eu\/en\/about-us\/#breadcrumb\"},\"inLanguage\":\"en-US\",\"potentialAction\":[{\"@type\":\"ReadAction\",\"target\":[\"https:\/\/www.stahovanie.eu\/en\/about-us\/\"]}]},{\"@type\":\"ImageObject\",\"inLanguage\":\"en-US\",\"@id\":\"https:\/\/www.stahovanie.eu\/en\/about-us\/#primaryimage\",\"url\":\"https:\/\/www.stahovanie.eu\/wp-content\/uploads\/2023\/05\/Historia.png\",\"contentUrl\":\"https:\/\/www.stahovanie.eu\/wp-content\/uploads\/2023\/05\/Historia.png\"},{\"@type\":\"BreadcrumbList\",\"@id\":\"https:\/\/www.stahovanie.eu\/en\/about-us\/#breadcrumb\",\"itemListElement\":[{\"@type\":\"ListItem\",\"position\":1,\"name\":\"Home\",\"item\":\"https:\/\/www.stahovanie.eu\/en\/\"},{\"@type\":\"ListItem\",\"position\":2,\"name\":\"About us\"}]},{\"@type\":\"WebSite\",\"@id\":\"https:\/\/www.stahovanie.eu\/#website\",\"url\":\"https:\/\/www.stahovanie.eu\/\",\"name\":\"LOBO GROUP - profesion\u00e1lne s\u0165ahovanie\",\"description\":\"\",\"publisher\":{\"@id\":\"https:\/\/www.stahovanie.eu\/#organization\"},\"potentialAction\":[{\"@type\":\"SearchAction\",\"target\":{\"@type\":\"EntryPoint\",\"urlTemplate\":\"https:\/\/www.stahovanie.eu\/?s={search_term_string}\"},\"query-input\":{\"@type\":\"PropertyValueSpecification\",\"valueRequired\":true,\"valueName\":\"search_term_string\"}}],\"inLanguage\":\"en-US\"},{\"@type\":\"Organization\",\"@id\":\"https:\/\/www.stahovanie.eu\/#organization\",\"name\":\"LOBO GROUP - profesion\u00e1lne s\u0165ahovanie\",\"url\":\"https:\/\/www.stahovanie.eu\/\",\"logo\":{\"@type\":\"ImageObject\",\"inLanguage\":\"en-US\",\"@id\":\"https:\/\/www.stahovanie.eu\/#\/schema\/logo\/image\/\",\"url\":\"https:\/\/www.stahovanie.eu\/wp-content\/uploads\/2021\/02\/LogoLobo-1.png\",\"contentUrl\":\"https:\/\/www.stahovanie.eu\/wp-content\/uploads\/2021\/02\/LogoLobo-1.png\",\"width\":350,\"height\":101,\"caption\":\"LOBO GROUP -  profesion\u00e1lne s\u0165ahovanie\"},\"image\":{\"@id\":\"https:\/\/www.stahovanie.eu\/#\/schema\/logo\/image\/\"}}]}<\/script>\n<!-- \/ Yoast SEO plugin. -->","yoast_head_json":{"title":"About Us \u2013 Trusted Movers for Homes & Offices","description":"Discover our professional moving services across Slovakia and the EU. Experienced team, insured transport, and reliable relocation solutions.","robots":{"index":"index","follow":"follow","max-snippet":"max-snippet:-1","max-image-preview":"max-image-preview:large","max-video-preview":"max-video-preview:-1"},"canonical":"https:\/\/www.stahovanie.eu\/en\/about-us\/","og_locale":"en_US","og_type":"article","og_title":"About Us \u2013 Trusted Movers for Homes & Offices","og_description":"Discover our professional moving services across Slovakia and the EU. Experienced team, insured transport, and reliable relocation solutions.","og_url":"https:\/\/www.stahovanie.eu\/en\/about-us\/","og_site_name":"LOBO GROUP - profesion\u00e1lne s\u0165ahovanie","article_modified_time":"2026-02-25T14:36:57+00:00","og_image":[{"url":"https:\/\/www.stahovanie.eu\/wp-content\/uploads\/2023\/05\/Historia.png","type":"","width":"","height":""}],"twitter_card":"summary_large_image","twitter_misc":{"Est. reading time":"2 minutes"},"schema":{"@context":"https:\/\/schema.org","@graph":[{"@type":"WebPage","@id":"https:\/\/www.stahovanie.eu\/en\/about-us\/","url":"https:\/\/www.stahovanie.eu\/en\/about-us\/","name":"About Us \u2013 Trusted Movers for Homes & Offices","isPartOf":{"@id":"https:\/\/www.stahovanie.eu\/#website"},"primaryImageOfPage":{"@id":"https:\/\/www.stahovanie.eu\/en\/about-us\/#primaryimage"},"image":{"@id":"https:\/\/www.stahovanie.eu\/en\/about-us\/#primaryimage"},"thumbnailUrl":"https:\/\/www.stahovanie.eu\/wp-content\/uploads\/2023\/05\/Historia.png","datePublished":"2023-05-06T10:25:17+00:00","dateModified":"2026-02-25T14:36:57+00:00","description":"Discover our professional moving services across Slovakia and the EU. Experienced team, insured transport, and reliable relocation solutions.","breadcrumb":{"@id":"https:\/\/www.stahovanie.eu\/en\/about-us\/#breadcrumb"},"inLanguage":"en-US","potentialAction":[{"@type":"ReadAction","target":["https:\/\/www.stahovanie.eu\/en\/about-us\/"]}]},{"@type":"ImageObject","inLanguage":"en-US","@id":"https:\/\/www.stahovanie.eu\/en\/about-us\/#primaryimage","url":"https:\/\/www.stahovanie.eu\/wp-content\/uploads\/2023\/05\/Historia.png","contentUrl":"https:\/\/www.stahovanie.eu\/wp-content\/uploads\/2023\/05\/Historia.png"},{"@type":"BreadcrumbList","@id":"https:\/\/www.stahovanie.eu\/en\/about-us\/#breadcrumb","itemListElement":[{"@type":"ListItem","position":1,"name":"Home","item":"https:\/\/www.stahovanie.eu\/en\/"},{"@type":"ListItem","position":2,"name":"About us"}]},{"@type":"WebSite","@id":"https:\/\/www.stahovanie.eu\/#website","url":"https:\/\/www.stahovanie.eu\/","name":"LOBO GROUP - profesion\u00e1lne s\u0165ahovanie","description":"","publisher":{"@id":"https:\/\/www.stahovanie.eu\/#organization"},"potentialAction":[{"@type":"SearchAction","target":{"@type":"EntryPoint","urlTemplate":"https:\/\/www.stahovanie.eu\/?s={search_term_string}"},"query-input":{"@type":"PropertyValueSpecification","valueRequired":true,"valueName":"search_term_string"}}],"inLanguage":"en-US"},{"@type":"Organization","@id":"https:\/\/www.stahovanie.eu\/#organization","name":"LOBO GROUP - profesion\u00e1lne s\u0165ahovanie","url":"https:\/\/www.stahovanie.eu\/","logo":{"@type":"ImageObject","inLanguage":"en-US","@id":"https:\/\/www.stahovanie.eu\/#\/schema\/logo\/image\/","url":"https:\/\/www.stahovanie.eu\/wp-content\/uploads\/2021\/02\/LogoLobo-1.png","contentUrl":"https:\/\/www.stahovanie.eu\/wp-content\/uploads\/2021\/02\/LogoLobo-1.png","width":350,"height":101,"caption":"LOBO GROUP -  profesion\u00e1lne s\u0165ahovanie"},"image":{"@id":"https:\/\/www.stahovanie.eu\/#\/schema\/logo\/image\/"}}]}},"_links":{"self":[{"href":"https:\/\/www.stahovanie.eu\/en\/wp-json\/wp\/v2\/pages\/1490","targetHints":{"allow":["GET"]}}],"collection":[{"href":"https:\/\/www.stahovanie.eu\/en\/wp-json\/wp\/v2\/pages"}],"about":[{"href":"https:\/\/www.stahovanie.eu\/en\/wp-json\/wp\/v2\/types\/page"}],"author":[{"embeddable":true,"href":"https:\/\/www.stahovanie.eu\/en\/wp-json\/wp\/v2\/users\/3"}],"replies":[{"embeddable":true,"href":"https:\/\/www.stahovanie.eu\/en\/wp-json\/wp\/v2\/comments?post=1490"}],"version-history":[{"count":4,"href":"https:\/\/www.stahovanie.eu\/en\/wp-json\/wp\/v2\/pages\/1490\/revisions"}],"predecessor-version":[{"id":2172,"href":"https:\/\/www.stahovanie.eu\/en\/wp-json\/wp\/v2\/pages\/1490\/revisions\/2172"}],"wp:attachment":[{"href":"https:\/\/www.stahovanie.eu\/en\/wp-json\/wp\/v2\/media?parent=1490"}],"curies":[{"name":"wp","href":"https:\/\/api.w.org\/{rel}","templated":true}]}}