{"id":1473,"date":"2023-05-08T18:49:19","date_gmt":"2023-05-08T16:49:19","guid":{"rendered":"https:\/\/www.stahovanie.eu\/external-elevator\/"},"modified":"2026-02-25T15:31:21","modified_gmt":"2026-02-25T14:31:21","slug":"external-elevator","status":"publish","type":"page","link":"https:\/\/www.stahovanie.eu\/en\/external-elevator\/","title":{"rendered":"External elevator"},"content":{"rendered":"\t\t<div data-elementor-type=\"wp-post\" data-elementor-id=\"1473\" class=\"elementor elementor-1473 elementor-999\" data-elementor-post-type=\"page\">\n\t\t\t\t\t\t<section class=\"elementor-section elementor-top-section elementor-element elementor-element-91b7f19 elementor-section-boxed elementor-section-height-default elementor-section-height-default\" data-id=\"91b7f19\" data-element_type=\"section\" data-settings=\"{&quot;background_background&quot;:&quot;classic&quot;}\">\n\t\t\t\t\t\t<div class=\"elementor-container elementor-column-gap-default\">\n\t\t\t\t\t<div class=\"elementor-column elementor-col-100 elementor-top-column elementor-element elementor-element-7cc0ccd\" data-id=\"7cc0ccd\" data-element_type=\"column\">\n\t\t\t<div class=\"elementor-widget-wrap elementor-element-populated\">\n\t\t\t\t\t\t<div class=\"elementor-element elementor-element-fde8545 elementor-widget elementor-widget-heading\" data-id=\"fde8545\" data-element_type=\"widget\" data-widget_type=\"heading.default\">\n\t\t\t\t<div class=\"elementor-widget-container\">\n\t\t\t\t\t<h1 class=\"elementor-heading-title elementor-size-default\">External elevator<\/h1>\t\t\t\t<\/div>\n\t\t\t\t<\/div>\n\t\t\t\t\t<\/div>\n\t\t<\/div>\n\t\t\t\t\t<\/div>\n\t\t<\/section>\n\t\t\t\t<section class=\"elementor-section elementor-top-section elementor-element elementor-element-494a9d5 elementor-section-boxed elementor-section-height-default elementor-section-height-default\" data-id=\"494a9d5\" data-element_type=\"section\">\n\t\t\t\t\t\t<div class=\"elementor-container elementor-column-gap-default\">\n\t\t\t\t\t<div class=\"elementor-column elementor-col-100 elementor-top-column elementor-element elementor-element-ad18658\" data-id=\"ad18658\" data-element_type=\"column\">\n\t\t\t<div class=\"elementor-widget-wrap elementor-element-populated\">\n\t\t\t\t\t\t<div class=\"elementor-element elementor-element-49edcfe elementor-widget__width-auto elementor-widget elementor-widget-image\" data-id=\"49edcfe\" data-element_type=\"widget\" data-widget_type=\"image.default\">\n\t\t\t\t<div class=\"elementor-widget-container\">\n\t\t\t\t\t\t\t\t\t\t\t\t\t\t\t<img decoding=\"async\" width=\"147\" height=\"146\" src=\"https:\/\/www.stahovanie.eu\/wp-content\/uploads\/2023\/05\/externy-stahovaci-vytah-ikona.png\" class=\"attachment-large size-large wp-image-1445\" alt=\"Ikona s\u0165ahovac\u00ed v\u00fd\u0165ah\" \/>\t\t\t\t\t\t\t\t\t\t\t\t\t\t\t<\/div>\n\t\t\t\t<\/div>\n\t\t\t\t<div class=\"elementor-element elementor-element-56539cd elementor-widget__width-auto elementor-widget elementor-widget-image\" data-id=\"56539cd\" data-element_type=\"widget\" data-widget_type=\"image.default\">\n\t\t\t\t<div class=\"elementor-widget-container\">\n\t\t\t\t\t\t\t\t\t\t\t\t\t\t\t<img decoding=\"async\" width=\"118\" height=\"118\" src=\"https:\/\/www.stahovanie.eu\/wp-content\/uploads\/2023\/05\/Historia.png\" class=\"attachment-full size-full wp-image-1406\" alt=\"17 ro\u010dn\u00e1 hist\u00f3ria\" \/>\t\t\t\t\t\t\t\t\t\t\t\t\t\t\t<\/div>\n\t\t\t\t<\/div>\n\t\t\t\t\t<\/div>\n\t\t<\/div>\n\t\t\t\t\t<\/div>\n\t\t<\/section>\n\t\t\t\t<section class=\"elementor-section elementor-top-section elementor-element elementor-element-fa4764f elementor-section-boxed elementor-section-height-default elementor-section-height-default\" data-id=\"fa4764f\" data-element_type=\"section\">\n\t\t\t\t\t\t<div class=\"elementor-container elementor-column-gap-default\">\n\t\t\t\t\t<div class=\"elementor-column elementor-col-50 elementor-top-column elementor-element elementor-element-7fc641d\" data-id=\"7fc641d\" data-element_type=\"column\">\n\t\t\t<div class=\"elementor-widget-wrap elementor-element-populated\">\n\t\t\t\t\t\t<div class=\"elementor-element elementor-element-b6d5ac8 elementor-widget elementor-widget-image\" data-id=\"b6d5ac8\" data-element_type=\"widget\" data-widget_type=\"image.default\">\n\t\t\t\t<div class=\"elementor-widget-container\">\n\t\t\t\t\t\t\t\t\t\t\t\t\t\t\t<img fetchpriority=\"high\" decoding=\"async\" width=\"720\" height=\"960\" src=\"https:\/\/www.stahovanie.eu\/wp-content\/uploads\/2023\/05\/disponujeme_stahovacim_vytahom_ak_nieco_neprejde_po_schodoch_b_b8f5db080767cd5c.jpg\" class=\"attachment-full size-full wp-image-1416\" alt=\"S\u0165ahovac\u00ed v\u00fd\u0165ah\" srcset=\"https:\/\/www.stahovanie.eu\/wp-content\/uploads\/2023\/05\/disponujeme_stahovacim_vytahom_ak_nieco_neprejde_po_schodoch_b_b8f5db080767cd5c.jpg 720w, https:\/\/www.stahovanie.eu\/wp-content\/uploads\/2023\/05\/disponujeme_stahovacim_vytahom_ak_nieco_neprejde_po_schodoch_b_b8f5db080767cd5c-225x300.jpg 225w\" sizes=\"(max-width: 720px) 100vw, 720px\" \/>\t\t\t\t\t\t\t\t\t\t\t\t\t\t\t<\/div>\n\t\t\t\t<\/div>\n\t\t\t\t\t<\/div>\n\t\t<\/div>\n\t\t\t\t<div class=\"elementor-column elementor-col-50 elementor-top-column elementor-element elementor-element-7893c37\" data-id=\"7893c37\" data-element_type=\"column\">\n\t\t\t<div class=\"elementor-widget-wrap elementor-element-populated\">\n\t\t\t\t\t\t<div class=\"elementor-element elementor-element-d5cbeb2 elementor-widget elementor-widget-text-editor\" data-id=\"d5cbeb2\" data-element_type=\"widget\" data-widget_type=\"text-editor.default\">\n\t\t\t\t<div class=\"elementor-widget-container\">\n\t\t\t\t\t\t\t\t\t<div class=\"content_section position-1\">\n<article id=\"Article_idm5193372333881786298677-6\">\n<div class=\"Article notab_br decoration-none\">\n<p class=\"article_indent align-justify\">As the only moving service in Slovakia, we offer moving with the help of a external elevator. We can reduce the moving time by up to half. The elevator can carry furniture up to 300 kg to a height of 26 m. The service is available only at the Bratislava branch office.<\/p>\n<p class=\"article_indent align-justify\">We use it mainly in buildings that do not have a freight elevator or in buildings where no elevators are available.<\/p>\n<p class=\"article_indent align-justify\">Can&#8217;t you fit a sofa or a wardrobe through the door? Ask us about the options!<\/p>\n<\/div>\n<\/article>\n<\/div>\n\t\t\t\t\t\t\t\t<\/div>\n\t\t\t\t<\/div>\n\t\t\t\t\t<\/div>\n\t\t<\/div>\n\t\t\t\t\t<\/div>\n\t\t<\/section>\n\t\t\t\t<section class=\"elementor-section elementor-top-section elementor-element elementor-element-f90b47e elementor-section-boxed elementor-section-height-default elementor-section-height-default\" data-id=\"f90b47e\" data-element_type=\"section\">\n\t\t\t\t\t\t<div class=\"elementor-container elementor-column-gap-default\">\n\t\t\t\t\t<div class=\"elementor-column elementor-col-100 elementor-top-column elementor-element elementor-element-e6ece5c\" data-id=\"e6ece5c\" data-element_type=\"column\">\n\t\t\t<div class=\"elementor-widget-wrap elementor-element-populated\">\n\t\t\t\t\t\t<div class=\"elementor-element elementor-element-b32e5b2 horizontale elementor-widget elementor-widget-toggle\" data-id=\"b32e5b2\" data-element_type=\"widget\" data-widget_type=\"toggle.default\">\n\t\t\t\t<div class=\"elementor-widget-container\">\n\t\t\t\t\t\t\t<div class=\"elementor-toggle\">\n\t\t\t\t\t\t\t<div class=\"elementor-toggle-item\">\n\t\t\t\t\t<div id=\"elementor-tab-title-1871\" class=\"elementor-tab-title\" data-tab=\"1\" role=\"button\" aria-controls=\"elementor-tab-content-1871\" aria-expanded=\"false\">\n\t\t\t\t\t\t\t\t\t\t\t\t<span class=\"elementor-toggle-icon elementor-toggle-icon-left\" aria-hidden=\"true\">\n\t\t\t\t\t\t\t\t\t\t\t\t\t\t\t<span class=\"elementor-toggle-icon-closed\"><i class=\"fas fa-chevron-down\"><\/i><\/span>\n\t\t\t\t\t\t\t\t<span class=\"elementor-toggle-icon-opened\"><i class=\"elementor-toggle-icon-opened fas fa-chevron-up\"><\/i><\/span>\n\t\t\t\t\t\t\t\t\t\t\t\t\t<\/span>\n\t\t\t\t\t\t\t\t\t\t\t\t<a class=\"elementor-toggle-title\" tabindex=\"0\">Prices excl. VAT<\/a>\n\t\t\t\t\t<\/div>\n\n\t\t\t\t\t<div id=\"elementor-tab-content-1871\" class=\"elementor-tab-content elementor-clearfix\" data-tab=\"1\" role=\"region\" aria-labelledby=\"elementor-tab-title-1871\"><table id=\"Table_idm2\" class=\"Table style10 first_row\" data-caption-size=\"\" data-head-size=\"17\" data-cell-size=\"15\" data-intelligent=\"0\" data-intelligent-search=\"0\" data-header-sorter=\"\"><thead class=\"TableHeaderGroup\"><tr class=\"TableRow\"><th class=\"TableHead \">LIFT RENT PRICES<\/th><th class=\"TableHead filter-false \" data-sorter=\"false\">\u00a0<\/th><\/tr><\/thead><tbody class=\"TableBodyGroup\"><tr class=\"TableRow\"><td class=\"TableCell position-1\">Staging elevator<\/td><td class=\"TableCell position-2\">100,00 \u20ac<\/td><\/tr><tr class=\"TableRow\"><td class=\"TableCell position-1\">Price for 1 hour<\/td><td class=\"TableCell position-2\">80,00 \u20ac<\/td><\/tr><\/tbody><\/table><\/div>\n\t\t\t\t<\/div>\n\t\t\t\t\t\t\t\t<\/div>\n\t\t\t\t\t\t<\/div>\n\t\t\t\t<\/div>\n\t\t\t\t\t<\/div>\n\t\t<\/div>\n\t\t\t\t\t<\/div>\n\t\t<\/section>\n\t\t\t\t<section class=\"elementor-section elementor-top-section elementor-element elementor-element-8a60b33 elementor-section-boxed elementor-section-height-default elementor-section-height-default\" data-id=\"8a60b33\" data-element_type=\"section\">\n\t\t\t\t\t\t<div class=\"elementor-container elementor-column-gap-default\">\n\t\t\t\t\t<div class=\"elementor-column elementor-col-100 elementor-top-column elementor-element elementor-element-9976462\" data-id=\"9976462\" data-element_type=\"column\">\n\t\t\t<div class=\"elementor-widget-wrap elementor-element-populated\">\n\t\t\t\t\t\t<div class=\"elementor-element elementor-element-5c6fdc8 horizontale elementor-widget elementor-widget-toggle\" data-id=\"5c6fdc8\" data-element_type=\"widget\" data-widget_type=\"toggle.default\">\n\t\t\t\t<div class=\"elementor-widget-container\">\n\t\t\t\t\t\t\t<div class=\"elementor-toggle\">\n\t\t\t\t\t\t\t<div class=\"elementor-toggle-item\">\n\t\t\t\t\t<div id=\"elementor-tab-title-9691\" class=\"elementor-tab-title\" data-tab=\"1\" role=\"button\" aria-controls=\"elementor-tab-content-9691\" aria-expanded=\"false\">\n\t\t\t\t\t\t\t\t\t\t\t\t<span class=\"elementor-toggle-icon elementor-toggle-icon-left\" aria-hidden=\"true\">\n\t\t\t\t\t\t\t\t\t\t\t\t\t\t\t<span class=\"elementor-toggle-icon-closed\"><i class=\"fas fa-chevron-down\"><\/i><\/span>\n\t\t\t\t\t\t\t\t<span class=\"elementor-toggle-icon-opened\"><i class=\"elementor-toggle-icon-opened fas fa-chevron-up\"><\/i><\/span>\n\t\t\t\t\t\t\t\t\t\t\t\t\t<\/span>\n\t\t\t\t\t\t\t\t\t\t\t\t<a class=\"elementor-toggle-title\" tabindex=\"0\">Prices incl. VAT<\/a>\n\t\t\t\t\t<\/div>\n\n\t\t\t\t\t<div id=\"elementor-tab-content-9691\" class=\"elementor-tab-content elementor-clearfix\" data-tab=\"1\" role=\"region\" aria-labelledby=\"elementor-tab-title-9691\"><table id=\"Table_idm2\" class=\"Table style10 first_row\" data-caption-size=\"\" data-head-size=\"17\" data-cell-size=\"15\" data-intelligent=\"0\" data-intelligent-search=\"0\" data-header-sorter=\"\"><thead class=\"TableHeaderGroup\"><tr class=\"TableRow\"><th class=\"TableHead \">LIFT RENT PRICES<\/th><th class=\"TableHead filter-false \" data-sorter=\"false\">\u00a0<\/th><\/tr><\/thead><tbody class=\"TableBodyGroup\"><tr class=\"TableRow\"><td class=\"TableCell position-1\">Staging elevator<\/td><td class=\"TableCell position-2\">120,00 \u20ac<\/td><\/tr><tr class=\"TableRow\"><td class=\"TableCell position-1\">Price for 1 hour<\/td><td class=\"TableCell position-2\">96,00 \u20ac<\/td><\/tr><\/tbody><\/table><\/div>\n\t\t\t\t<\/div>\n\t\t\t\t\t\t\t\t<\/div>\n\t\t\t\t\t\t<\/div>\n\t\t\t\t<\/div>\n\t\t\t\t\t<\/div>\n\t\t<\/div>\n\t\t\t\t\t<\/div>\n\t\t<\/section>\n\t\t\t\t<section class=\"elementor-section elementor-top-section elementor-element elementor-element-1a5b9a5 elementor-section-boxed elementor-section-height-default elementor-section-height-default\" data-id=\"1a5b9a5\" data-element_type=\"section\">\n\t\t\t\t\t\t<div class=\"elementor-container elementor-column-gap-default\">\n\t\t\t\t\t<div class=\"elementor-column elementor-col-100 elementor-top-column elementor-element elementor-element-2a5d15a\" data-id=\"2a5d15a\" data-element_type=\"column\">\n\t\t\t<div class=\"elementor-widget-wrap elementor-element-populated\">\n\t\t\t\t\t\t<div class=\"elementor-element elementor-element-69b7bfc elementor-widget elementor-widget-heading\" data-id=\"69b7bfc\" data-element_type=\"widget\" data-widget_type=\"heading.default\">\n\t\t\t\t<div class=\"elementor-widget-container\">\n\t\t\t\t\t<h2 class=\"elementor-heading-title elementor-size-default\">Are you interested or have a question?<\/h2>\t\t\t\t<\/div>\n\t\t\t\t<\/div>\n\t\t\t\t<div class=\"elementor-element elementor-element-491ad81 elementor-align-center elementor-widget elementor-widget-button\" data-id=\"491ad81\" data-element_type=\"widget\" data-widget_type=\"button.default\">\n\t\t\t\t<div class=\"elementor-widget-container\">\n\t\t\t\t\t\t\t\t\t<div class=\"elementor-button-wrapper\">\n\t\t\t\t\t<a class=\"elementor-button elementor-button-link elementor-size-sm elementor-animation-shrink\" href=\"https:\/\/www.stahovanie.eu\/en\/contact\/\">\n\t\t\t\t\t\t<span class=\"elementor-button-content-wrapper\">\n\t\t\t\t\t\t\t\t\t<span class=\"elementor-button-text\">Contact us<\/span>\n\t\t\t\t\t<\/span>\n\t\t\t\t\t<\/a>\n\t\t\t\t<\/div>\n\t\t\t\t\t\t\t\t<\/div>\n\t\t\t\t<\/div>\n\t\t\t\t\t<\/div>\n\t\t<\/div>\n\t\t\t\t\t<\/div>\n\t\t<\/section>\n\t\t\t\t<\/div>\n\t\t","protected":false},"excerpt":{"rendered":"<p>External elevator As the only moving service in Slovakia, we offer moving with the help of a external elevator. We can reduce the moving time by up to half. The elevator can carry furniture up to 300 kg to a height of 26 m. The service is available only at the Bratislava branch office. We [&hellip;]<\/p>\n","protected":false},"author":3,"featured_media":0,"parent":0,"menu_order":0,"comment_status":"closed","ping_status":"closed","template":"elementor_header_footer","meta":{"footnotes":""},"class_list":["post-1473","page","type-page","status-publish","hentry"],"yoast_head":"<!-- This site is optimized with the Yoast SEO plugin v26.4 - https:\/\/yoast.com\/wordpress\/plugins\/seo\/ -->\n<title>External Moving Lift Rental \u2013 Safe Lifting Solutions in Slovakia<\/title>\n<meta name=\"description\" content=\"Rent external moving lifts for safe and efficient furniture relocation. Professional equipment and trained operators across Slovakia and the EU.\" \/>\n<meta name=\"robots\" content=\"index, follow, max-snippet:-1, max-image-preview:large, max-video-preview:-1\" \/>\n<link rel=\"canonical\" href=\"https:\/\/www.stahovanie.eu\/en\/external-elevator\/\" \/>\n<meta property=\"og:locale\" content=\"en_US\" \/>\n<meta property=\"og:type\" content=\"article\" \/>\n<meta property=\"og:title\" content=\"External Moving Lift Rental \u2013 Safe Lifting Solutions in Slovakia\" \/>\n<meta property=\"og:description\" content=\"Rent external moving lifts for safe and efficient furniture relocation. Professional equipment and trained operators across Slovakia and the EU.\" \/>\n<meta property=\"og:url\" content=\"https:\/\/www.stahovanie.eu\/en\/external-elevator\/\" \/>\n<meta property=\"og:site_name\" content=\"LOBO GROUP - profesion\u00e1lne s\u0165ahovanie\" \/>\n<meta property=\"article:modified_time\" content=\"2026-02-25T14:31:21+00:00\" \/>\n<meta property=\"og:image\" content=\"https:\/\/www.stahovanie.eu\/wp-content\/uploads\/2023\/05\/externy-stahovaci-vytah-ikona.png\" \/>\n<meta name=\"twitter:card\" content=\"summary_large_image\" \/>\n<meta name=\"twitter:label1\" content=\"Est. reading time\" \/>\n\t<meta name=\"twitter:data1\" content=\"2 minutes\" \/>\n<script type=\"application\/ld+json\" class=\"yoast-schema-graph\">{\"@context\":\"https:\/\/schema.org\",\"@graph\":[{\"@type\":\"WebPage\",\"@id\":\"https:\/\/www.stahovanie.eu\/en\/external-elevator\/\",\"url\":\"https:\/\/www.stahovanie.eu\/en\/external-elevator\/\",\"name\":\"External Moving Lift Rental \u2013 Safe Lifting Solutions in Slovakia\",\"isPartOf\":{\"@id\":\"https:\/\/www.stahovanie.eu\/#website\"},\"primaryImageOfPage\":{\"@id\":\"https:\/\/www.stahovanie.eu\/en\/external-elevator\/#primaryimage\"},\"image\":{\"@id\":\"https:\/\/www.stahovanie.eu\/en\/external-elevator\/#primaryimage\"},\"thumbnailUrl\":\"https:\/\/www.stahovanie.eu\/wp-content\/uploads\/2023\/05\/externy-stahovaci-vytah-ikona.png\",\"datePublished\":\"2023-05-08T16:49:19+00:00\",\"dateModified\":\"2026-02-25T14:31:21+00:00\",\"description\":\"Rent external moving lifts for safe and efficient furniture relocation. Professional equipment and trained operators across Slovakia and the EU.\",\"breadcrumb\":{\"@id\":\"https:\/\/www.stahovanie.eu\/en\/external-elevator\/#breadcrumb\"},\"inLanguage\":\"en-US\",\"potentialAction\":[{\"@type\":\"ReadAction\",\"target\":[\"https:\/\/www.stahovanie.eu\/en\/external-elevator\/\"]}]},{\"@type\":\"ImageObject\",\"inLanguage\":\"en-US\",\"@id\":\"https:\/\/www.stahovanie.eu\/en\/external-elevator\/#primaryimage\",\"url\":\"https:\/\/www.stahovanie.eu\/wp-content\/uploads\/2023\/05\/externy-stahovaci-vytah-ikona.png\",\"contentUrl\":\"https:\/\/www.stahovanie.eu\/wp-content\/uploads\/2023\/05\/externy-stahovaci-vytah-ikona.png\"},{\"@type\":\"BreadcrumbList\",\"@id\":\"https:\/\/www.stahovanie.eu\/en\/external-elevator\/#breadcrumb\",\"itemListElement\":[{\"@type\":\"ListItem\",\"position\":1,\"name\":\"Home\",\"item\":\"https:\/\/www.stahovanie.eu\/en\/\"},{\"@type\":\"ListItem\",\"position\":2,\"name\":\"External elevator\"}]},{\"@type\":\"WebSite\",\"@id\":\"https:\/\/www.stahovanie.eu\/#website\",\"url\":\"https:\/\/www.stahovanie.eu\/\",\"name\":\"LOBO GROUP - profesion\u00e1lne s\u0165ahovanie\",\"description\":\"\",\"publisher\":{\"@id\":\"https:\/\/www.stahovanie.eu\/#organization\"},\"potentialAction\":[{\"@type\":\"SearchAction\",\"target\":{\"@type\":\"EntryPoint\",\"urlTemplate\":\"https:\/\/www.stahovanie.eu\/?s={search_term_string}\"},\"query-input\":{\"@type\":\"PropertyValueSpecification\",\"valueRequired\":true,\"valueName\":\"search_term_string\"}}],\"inLanguage\":\"en-US\"},{\"@type\":\"Organization\",\"@id\":\"https:\/\/www.stahovanie.eu\/#organization\",\"name\":\"LOBO GROUP - profesion\u00e1lne s\u0165ahovanie\",\"url\":\"https:\/\/www.stahovanie.eu\/\",\"logo\":{\"@type\":\"ImageObject\",\"inLanguage\":\"en-US\",\"@id\":\"https:\/\/www.stahovanie.eu\/#\/schema\/logo\/image\/\",\"url\":\"https:\/\/www.stahovanie.eu\/wp-content\/uploads\/2021\/02\/LogoLobo-1.png\",\"contentUrl\":\"https:\/\/www.stahovanie.eu\/wp-content\/uploads\/2021\/02\/LogoLobo-1.png\",\"width\":350,\"height\":101,\"caption\":\"LOBO GROUP -  profesion\u00e1lne s\u0165ahovanie\"},\"image\":{\"@id\":\"https:\/\/www.stahovanie.eu\/#\/schema\/logo\/image\/\"}}]}<\/script>\n<!-- \/ Yoast SEO plugin. -->","yoast_head_json":{"title":"External Moving Lift Rental \u2013 Safe Lifting Solutions in Slovakia","description":"Rent external moving lifts for safe and efficient furniture relocation. Professional equipment and trained operators across Slovakia and the EU.","robots":{"index":"index","follow":"follow","max-snippet":"max-snippet:-1","max-image-preview":"max-image-preview:large","max-video-preview":"max-video-preview:-1"},"canonical":"https:\/\/www.stahovanie.eu\/en\/external-elevator\/","og_locale":"en_US","og_type":"article","og_title":"External Moving Lift Rental \u2013 Safe Lifting Solutions in Slovakia","og_description":"Rent external moving lifts for safe and efficient furniture relocation. Professional equipment and trained operators across Slovakia and the EU.","og_url":"https:\/\/www.stahovanie.eu\/en\/external-elevator\/","og_site_name":"LOBO GROUP - profesion\u00e1lne s\u0165ahovanie","article_modified_time":"2026-02-25T14:31:21+00:00","og_image":[{"url":"https:\/\/www.stahovanie.eu\/wp-content\/uploads\/2023\/05\/externy-stahovaci-vytah-ikona.png","type":"","width":"","height":""}],"twitter_card":"summary_large_image","twitter_misc":{"Est. reading time":"2 minutes"},"schema":{"@context":"https:\/\/schema.org","@graph":[{"@type":"WebPage","@id":"https:\/\/www.stahovanie.eu\/en\/external-elevator\/","url":"https:\/\/www.stahovanie.eu\/en\/external-elevator\/","name":"External Moving Lift Rental \u2013 Safe Lifting Solutions in Slovakia","isPartOf":{"@id":"https:\/\/www.stahovanie.eu\/#website"},"primaryImageOfPage":{"@id":"https:\/\/www.stahovanie.eu\/en\/external-elevator\/#primaryimage"},"image":{"@id":"https:\/\/www.stahovanie.eu\/en\/external-elevator\/#primaryimage"},"thumbnailUrl":"https:\/\/www.stahovanie.eu\/wp-content\/uploads\/2023\/05\/externy-stahovaci-vytah-ikona.png","datePublished":"2023-05-08T16:49:19+00:00","dateModified":"2026-02-25T14:31:21+00:00","description":"Rent external moving lifts for safe and efficient furniture relocation. Professional equipment and trained operators across Slovakia and the EU.","breadcrumb":{"@id":"https:\/\/www.stahovanie.eu\/en\/external-elevator\/#breadcrumb"},"inLanguage":"en-US","potentialAction":[{"@type":"ReadAction","target":["https:\/\/www.stahovanie.eu\/en\/external-elevator\/"]}]},{"@type":"ImageObject","inLanguage":"en-US","@id":"https:\/\/www.stahovanie.eu\/en\/external-elevator\/#primaryimage","url":"https:\/\/www.stahovanie.eu\/wp-content\/uploads\/2023\/05\/externy-stahovaci-vytah-ikona.png","contentUrl":"https:\/\/www.stahovanie.eu\/wp-content\/uploads\/2023\/05\/externy-stahovaci-vytah-ikona.png"},{"@type":"BreadcrumbList","@id":"https:\/\/www.stahovanie.eu\/en\/external-elevator\/#breadcrumb","itemListElement":[{"@type":"ListItem","position":1,"name":"Home","item":"https:\/\/www.stahovanie.eu\/en\/"},{"@type":"ListItem","position":2,"name":"External elevator"}]},{"@type":"WebSite","@id":"https:\/\/www.stahovanie.eu\/#website","url":"https:\/\/www.stahovanie.eu\/","name":"LOBO GROUP - profesion\u00e1lne s\u0165ahovanie","description":"","publisher":{"@id":"https:\/\/www.stahovanie.eu\/#organization"},"potentialAction":[{"@type":"SearchAction","target":{"@type":"EntryPoint","urlTemplate":"https:\/\/www.stahovanie.eu\/?s={search_term_string}"},"query-input":{"@type":"PropertyValueSpecification","valueRequired":true,"valueName":"search_term_string"}}],"inLanguage":"en-US"},{"@type":"Organization","@id":"https:\/\/www.stahovanie.eu\/#organization","name":"LOBO GROUP - profesion\u00e1lne s\u0165ahovanie","url":"https:\/\/www.stahovanie.eu\/","logo":{"@type":"ImageObject","inLanguage":"en-US","@id":"https:\/\/www.stahovanie.eu\/#\/schema\/logo\/image\/","url":"https:\/\/www.stahovanie.eu\/wp-content\/uploads\/2021\/02\/LogoLobo-1.png","contentUrl":"https:\/\/www.stahovanie.eu\/wp-content\/uploads\/2021\/02\/LogoLobo-1.png","width":350,"height":101,"caption":"LOBO GROUP -  profesion\u00e1lne s\u0165ahovanie"},"image":{"@id":"https:\/\/www.stahovanie.eu\/#\/schema\/logo\/image\/"}}]}},"_links":{"self":[{"href":"https:\/\/www.stahovanie.eu\/en\/wp-json\/wp\/v2\/pages\/1473","targetHints":{"allow":["GET"]}}],"collection":[{"href":"https:\/\/www.stahovanie.eu\/en\/wp-json\/wp\/v2\/pages"}],"about":[{"href":"https:\/\/www.stahovanie.eu\/en\/wp-json\/wp\/v2\/types\/page"}],"author":[{"embeddable":true,"href":"https:\/\/www.stahovanie.eu\/en\/wp-json\/wp\/v2\/users\/3"}],"replies":[{"embeddable":true,"href":"https:\/\/www.stahovanie.eu\/en\/wp-json\/wp\/v2\/comments?post=1473"}],"version-history":[{"count":11,"href":"https:\/\/www.stahovanie.eu\/en\/wp-json\/wp\/v2\/pages\/1473\/revisions"}],"predecessor-version":[{"id":2181,"href":"https:\/\/www.stahovanie.eu\/en\/wp-json\/wp\/v2\/pages\/1473\/revisions\/2181"}],"wp:attachment":[{"href":"https:\/\/www.stahovanie.eu\/en\/wp-json\/wp\/v2\/media?parent=1473"}],"curies":[{"name":"wp","href":"https:\/\/api.w.org\/{rel}","templated":true}]}}