{"id":1469,"date":"2023-05-08T18:48:41","date_gmt":"2023-05-08T16:48:41","guid":{"rendered":"https:\/\/www.stahovanie.eu\/furniture-disassembly\/"},"modified":"2025-11-17T13:01:19","modified_gmt":"2025-11-17T12:01:19","slug":"furniture-disassembly","status":"publish","type":"page","link":"https:\/\/www.stahovanie.eu\/en\/furniture-disassembly\/","title":{"rendered":"Furniture disassembly"},"content":{"rendered":"\t\t<div data-elementor-type=\"wp-post\" data-elementor-id=\"1469\" class=\"elementor elementor-1469 elementor-998\" data-elementor-post-type=\"page\">\n\t\t\t\t\t\t<section class=\"elementor-section elementor-top-section elementor-element elementor-element-91b7f19 elementor-section-boxed elementor-section-height-default elementor-section-height-default\" data-id=\"91b7f19\" data-element_type=\"section\" data-settings=\"{&quot;background_background&quot;:&quot;classic&quot;}\">\n\t\t\t\t\t\t<div class=\"elementor-container elementor-column-gap-default\">\n\t\t\t\t\t<div class=\"elementor-column elementor-col-100 elementor-top-column elementor-element elementor-element-7cc0ccd\" data-id=\"7cc0ccd\" data-element_type=\"column\">\n\t\t\t<div class=\"elementor-widget-wrap elementor-element-populated\">\n\t\t\t\t\t\t<div class=\"elementor-element elementor-element-fde8545 elementor-widget elementor-widget-heading\" data-id=\"fde8545\" data-element_type=\"widget\" data-widget_type=\"heading.default\">\n\t\t\t\t<div class=\"elementor-widget-container\">\n\t\t\t\t\t<h1 class=\"elementor-heading-title elementor-size-default\">Furniture disassembly<\/h1>\t\t\t\t<\/div>\n\t\t\t\t<\/div>\n\t\t\t\t\t<\/div>\n\t\t<\/div>\n\t\t\t\t\t<\/div>\n\t\t<\/section>\n\t\t\t\t<section class=\"elementor-section elementor-top-section elementor-element elementor-element-494a9d5 elementor-section-boxed elementor-section-height-default elementor-section-height-default\" data-id=\"494a9d5\" data-element_type=\"section\">\n\t\t\t\t\t\t<div class=\"elementor-container elementor-column-gap-default\">\n\t\t\t\t\t<div class=\"elementor-column elementor-col-100 elementor-top-column elementor-element elementor-element-ad18658\" data-id=\"ad18658\" data-element_type=\"column\">\n\t\t\t<div class=\"elementor-widget-wrap elementor-element-populated\">\n\t\t\t\t\t\t<div class=\"elementor-element elementor-element-49edcfe elementor-widget__width-auto elementor-widget elementor-widget-image\" data-id=\"49edcfe\" data-element_type=\"widget\" data-widget_type=\"image.default\">\n\t\t\t\t<div class=\"elementor-widget-container\">\n\t\t\t\t\t\t\t\t\t\t\t\t\t\t\t<img decoding=\"async\" width=\"147\" height=\"146\" src=\"https:\/\/www.stahovanie.eu\/wp-content\/uploads\/2023\/05\/demontaz-nabytku.png\" class=\"attachment-large size-large wp-image-1443\" alt=\"\" \/>\t\t\t\t\t\t\t\t\t\t\t\t\t\t\t<\/div>\n\t\t\t\t<\/div>\n\t\t\t\t<div class=\"elementor-element elementor-element-56539cd elementor-widget__width-auto elementor-widget elementor-widget-image\" data-id=\"56539cd\" data-element_type=\"widget\" data-widget_type=\"image.default\">\n\t\t\t\t<div class=\"elementor-widget-container\">\n\t\t\t\t\t\t\t\t\t\t\t\t\t\t\t<img decoding=\"async\" width=\"118\" height=\"118\" src=\"https:\/\/www.stahovanie.eu\/wp-content\/uploads\/2023\/05\/Historia.png\" class=\"attachment-full size-full wp-image-1406\" alt=\"17 ro\u010dn\u00e1 hist\u00f3ria\" \/>\t\t\t\t\t\t\t\t\t\t\t\t\t\t\t<\/div>\n\t\t\t\t<\/div>\n\t\t\t\t\t<\/div>\n\t\t<\/div>\n\t\t\t\t\t<\/div>\n\t\t<\/section>\n\t\t\t\t<section class=\"elementor-section elementor-top-section elementor-element elementor-element-fa4764f elementor-section-boxed elementor-section-height-default elementor-section-height-default\" data-id=\"fa4764f\" data-element_type=\"section\">\n\t\t\t\t\t\t<div class=\"elementor-container elementor-column-gap-default\">\n\t\t\t\t\t<div class=\"elementor-column elementor-col-50 elementor-top-column elementor-element elementor-element-7fc641d\" data-id=\"7fc641d\" data-element_type=\"column\">\n\t\t\t<div class=\"elementor-widget-wrap elementor-element-populated\">\n\t\t\t\t\t\t<div class=\"elementor-element elementor-element-b6d5ac8 elementor-widget elementor-widget-image\" data-id=\"b6d5ac8\" data-element_type=\"widget\" data-widget_type=\"image.default\">\n\t\t\t\t<div class=\"elementor-widget-container\">\n\t\t\t\t\t\t\t\t\t\t\t\t\t\t\t<img fetchpriority=\"high\" decoding=\"async\" width=\"748\" height=\"560\" src=\"https:\/\/www.stahovanie.eu\/wp-content\/uploads\/2023\/05\/Stahovanie-eu-demontaz-nabytku.jpg\" class=\"attachment-full size-full wp-image-1572\" alt=\"\" srcset=\"https:\/\/www.stahovanie.eu\/wp-content\/uploads\/2023\/05\/Stahovanie-eu-demontaz-nabytku.jpg 748w, https:\/\/www.stahovanie.eu\/wp-content\/uploads\/2023\/05\/Stahovanie-eu-demontaz-nabytku-300x225.jpg 300w\" sizes=\"(max-width: 748px) 100vw, 748px\" \/>\t\t\t\t\t\t\t\t\t\t\t\t\t\t\t<\/div>\n\t\t\t\t<\/div>\n\t\t\t\t\t<\/div>\n\t\t<\/div>\n\t\t\t\t<div class=\"elementor-column elementor-col-50 elementor-top-column elementor-element elementor-element-7893c37\" data-id=\"7893c37\" data-element_type=\"column\">\n\t\t\t<div class=\"elementor-widget-wrap elementor-element-populated\">\n\t\t\t\t\t\t<div class=\"elementor-element elementor-element-d5cbeb2 elementor-widget elementor-widget-text-editor\" data-id=\"d5cbeb2\" data-element_type=\"widget\" data-widget_type=\"text-editor.default\">\n\t\t\t\t<div class=\"elementor-widget-container\">\n\t\t\t\t\t\t\t\t\t<div class=\"content_section position-1\">\n<article id=\"Article_idm5193372333881786298677-6\">\n<div class=\"Article notab_br decoration-none\">\n<p class=\"article_indent align-justify\">Would you like to move and you are not sure if your cabinet pass over the door? No problem. We dissasembly the furniture, move it and assembly it on the new place. You will not see the difference.<\/p>\n<p class=\"article_indent align-justify\">We will be happy to prepare an individual price offer for you.<\/p>\n<\/div>\n<\/article>\n<\/div>\n\t\t\t\t\t\t\t\t<\/div>\n\t\t\t\t<\/div>\n\t\t\t\t\t<\/div>\n\t\t<\/div>\n\t\t\t\t\t<\/div>\n\t\t<\/section>\n\t\t\t\t<section class=\"elementor-section elementor-top-section elementor-element elementor-element-ec65883 elementor-section-boxed elementor-section-height-default elementor-section-height-default\" data-id=\"ec65883\" data-element_type=\"section\">\n\t\t\t\t\t\t<div class=\"elementor-container elementor-column-gap-default\">\n\t\t\t\t\t<div class=\"elementor-column elementor-col-100 elementor-top-column elementor-element elementor-element-44dcf71\" data-id=\"44dcf71\" data-element_type=\"column\">\n\t\t\t<div class=\"elementor-widget-wrap elementor-element-populated\">\n\t\t\t\t\t\t<div class=\"elementor-element elementor-element-2cf7964 elementor-widget elementor-widget-heading\" data-id=\"2cf7964\" data-element_type=\"widget\" data-widget_type=\"heading.default\">\n\t\t\t\t<div class=\"elementor-widget-container\">\n\t\t\t\t\t<h2 class=\"elementor-heading-title elementor-size-default\">Are you interested or have a question?<\/h2>\t\t\t\t<\/div>\n\t\t\t\t<\/div>\n\t\t\t\t<div class=\"elementor-element elementor-element-7f1a0cd elementor-align-center elementor-widget elementor-widget-button\" data-id=\"7f1a0cd\" data-element_type=\"widget\" data-widget_type=\"button.default\">\n\t\t\t\t<div class=\"elementor-widget-container\">\n\t\t\t\t\t\t\t\t\t<div class=\"elementor-button-wrapper\">\n\t\t\t\t\t<a class=\"elementor-button elementor-button-link elementor-size-sm elementor-animation-shrink\" href=\"https:\/\/www.stahovanie.eu\/en\/contact\/\">\n\t\t\t\t\t\t<span class=\"elementor-button-content-wrapper\">\n\t\t\t\t\t\t\t\t\t<span class=\"elementor-button-text\">Contact us<\/span>\n\t\t\t\t\t<\/span>\n\t\t\t\t\t<\/a>\n\t\t\t\t<\/div>\n\t\t\t\t\t\t\t\t<\/div>\n\t\t\t\t<\/div>\n\t\t\t\t\t<\/div>\n\t\t<\/div>\n\t\t\t\t\t<\/div>\n\t\t<\/section>\n\t\t\t\t<\/div>\n\t\t","protected":false},"excerpt":{"rendered":"<p>Furniture disassembly Would you like to move and you are not sure if your cabinet pass over the door? No problem. We dissasembly the furniture, move it and assembly it on the new place. You will not see the difference. We will be happy to prepare an individual price offer for you. Are you interested [&hellip;]<\/p>\n","protected":false},"author":3,"featured_media":0,"parent":0,"menu_order":0,"comment_status":"closed","ping_status":"closed","template":"elementor_header_footer","meta":{"footnotes":""},"class_list":["post-1469","page","type-page","status-publish","hentry"],"yoast_head":"<!-- This site is optimized with the Yoast SEO plugin v26.4 - https:\/\/yoast.com\/wordpress\/plugins\/seo\/ -->\n<title>Furniture disassembly - LOBO GROUP - profesion\u00e1lne s\u0165ahovanie<\/title>\n<meta name=\"robots\" content=\"index, follow, max-snippet:-1, max-image-preview:large, max-video-preview:-1\" \/>\n<link rel=\"canonical\" href=\"https:\/\/www.stahovanie.eu\/en\/furniture-disassembly\/\" \/>\n<meta property=\"og:locale\" content=\"en_US\" \/>\n<meta property=\"og:type\" content=\"article\" \/>\n<meta property=\"og:title\" content=\"Furniture disassembly - LOBO GROUP - profesion\u00e1lne s\u0165ahovanie\" \/>\n<meta property=\"og:description\" content=\"Furniture disassembly Would you like to move and you are not sure if your cabinet pass over the door? No problem. We dissasembly the furniture, move it and assembly it on the new place. You will not see the difference. We will be happy to prepare an individual price offer for you. Are you interested [&hellip;]\" \/>\n<meta property=\"og:url\" content=\"https:\/\/www.stahovanie.eu\/en\/furniture-disassembly\/\" \/>\n<meta property=\"og:site_name\" content=\"LOBO GROUP - profesion\u00e1lne s\u0165ahovanie\" \/>\n<meta property=\"article:modified_time\" content=\"2025-11-17T12:01:19+00:00\" \/>\n<meta property=\"og:image\" content=\"https:\/\/www.stahovanie.eu\/wp-content\/uploads\/2023\/05\/demontaz-nabytku.png\" \/>\n\t<meta property=\"og:image:width\" content=\"147\" \/>\n\t<meta property=\"og:image:height\" content=\"146\" \/>\n\t<meta property=\"og:image:type\" content=\"image\/png\" \/>\n<meta name=\"twitter:card\" content=\"summary_large_image\" \/>\n<meta name=\"twitter:label1\" content=\"Est. reading time\" \/>\n\t<meta name=\"twitter:data1\" content=\"1 minute\" \/>\n<script type=\"application\/ld+json\" class=\"yoast-schema-graph\">{\"@context\":\"https:\/\/schema.org\",\"@graph\":[{\"@type\":\"WebPage\",\"@id\":\"https:\/\/www.stahovanie.eu\/en\/furniture-disassembly\/\",\"url\":\"https:\/\/www.stahovanie.eu\/en\/furniture-disassembly\/\",\"name\":\"Furniture disassembly - LOBO GROUP - profesion\u00e1lne s\u0165ahovanie\",\"isPartOf\":{\"@id\":\"https:\/\/www.stahovanie.eu\/#website\"},\"primaryImageOfPage\":{\"@id\":\"https:\/\/www.stahovanie.eu\/en\/furniture-disassembly\/#primaryimage\"},\"image\":{\"@id\":\"https:\/\/www.stahovanie.eu\/en\/furniture-disassembly\/#primaryimage\"},\"thumbnailUrl\":\"https:\/\/www.stahovanie.eu\/wp-content\/uploads\/2023\/05\/demontaz-nabytku.png\",\"datePublished\":\"2023-05-08T16:48:41+00:00\",\"dateModified\":\"2025-11-17T12:01:19+00:00\",\"breadcrumb\":{\"@id\":\"https:\/\/www.stahovanie.eu\/en\/furniture-disassembly\/#breadcrumb\"},\"inLanguage\":\"en-US\",\"potentialAction\":[{\"@type\":\"ReadAction\",\"target\":[\"https:\/\/www.stahovanie.eu\/en\/furniture-disassembly\/\"]}]},{\"@type\":\"ImageObject\",\"inLanguage\":\"en-US\",\"@id\":\"https:\/\/www.stahovanie.eu\/en\/furniture-disassembly\/#primaryimage\",\"url\":\"https:\/\/www.stahovanie.eu\/wp-content\/uploads\/2023\/05\/demontaz-nabytku.png\",\"contentUrl\":\"https:\/\/www.stahovanie.eu\/wp-content\/uploads\/2023\/05\/demontaz-nabytku.png\"},{\"@type\":\"BreadcrumbList\",\"@id\":\"https:\/\/www.stahovanie.eu\/en\/furniture-disassembly\/#breadcrumb\",\"itemListElement\":[{\"@type\":\"ListItem\",\"position\":1,\"name\":\"Home\",\"item\":\"https:\/\/www.stahovanie.eu\/en\/\"},{\"@type\":\"ListItem\",\"position\":2,\"name\":\"Furniture disassembly\"}]},{\"@type\":\"WebSite\",\"@id\":\"https:\/\/www.stahovanie.eu\/#website\",\"url\":\"https:\/\/www.stahovanie.eu\/\",\"name\":\"LOBO GROUP - profesion\u00e1lne s\u0165ahovanie\",\"description\":\"\",\"publisher\":{\"@id\":\"https:\/\/www.stahovanie.eu\/#organization\"},\"potentialAction\":[{\"@type\":\"SearchAction\",\"target\":{\"@type\":\"EntryPoint\",\"urlTemplate\":\"https:\/\/www.stahovanie.eu\/?s={search_term_string}\"},\"query-input\":{\"@type\":\"PropertyValueSpecification\",\"valueRequired\":true,\"valueName\":\"search_term_string\"}}],\"inLanguage\":\"en-US\"},{\"@type\":\"Organization\",\"@id\":\"https:\/\/www.stahovanie.eu\/#organization\",\"name\":\"LOBO GROUP - profesion\u00e1lne s\u0165ahovanie\",\"url\":\"https:\/\/www.stahovanie.eu\/\",\"logo\":{\"@type\":\"ImageObject\",\"inLanguage\":\"en-US\",\"@id\":\"https:\/\/www.stahovanie.eu\/#\/schema\/logo\/image\/\",\"url\":\"https:\/\/www.stahovanie.eu\/wp-content\/uploads\/2021\/02\/LogoLobo-1.png\",\"contentUrl\":\"https:\/\/www.stahovanie.eu\/wp-content\/uploads\/2021\/02\/LogoLobo-1.png\",\"width\":350,\"height\":101,\"caption\":\"LOBO GROUP -  profesion\u00e1lne s\u0165ahovanie\"},\"image\":{\"@id\":\"https:\/\/www.stahovanie.eu\/#\/schema\/logo\/image\/\"}}]}<\/script>\n<!-- \/ Yoast SEO plugin. -->","yoast_head_json":{"title":"Furniture disassembly - LOBO GROUP - profesion\u00e1lne s\u0165ahovanie","robots":{"index":"index","follow":"follow","max-snippet":"max-snippet:-1","max-image-preview":"max-image-preview:large","max-video-preview":"max-video-preview:-1"},"canonical":"https:\/\/www.stahovanie.eu\/en\/furniture-disassembly\/","og_locale":"en_US","og_type":"article","og_title":"Furniture disassembly - LOBO GROUP - profesion\u00e1lne s\u0165ahovanie","og_description":"Furniture disassembly Would you like to move and you are not sure if your cabinet pass over the door? No problem. We dissasembly the furniture, move it and assembly it on the new place. You will not see the difference. We will be happy to prepare an individual price offer for you. Are you interested [&hellip;]","og_url":"https:\/\/www.stahovanie.eu\/en\/furniture-disassembly\/","og_site_name":"LOBO GROUP - profesion\u00e1lne s\u0165ahovanie","article_modified_time":"2025-11-17T12:01:19+00:00","og_image":[{"width":147,"height":146,"url":"https:\/\/www.stahovanie.eu\/wp-content\/uploads\/2023\/05\/demontaz-nabytku.png","type":"image\/png"}],"twitter_card":"summary_large_image","twitter_misc":{"Est. reading time":"1 minute"},"schema":{"@context":"https:\/\/schema.org","@graph":[{"@type":"WebPage","@id":"https:\/\/www.stahovanie.eu\/en\/furniture-disassembly\/","url":"https:\/\/www.stahovanie.eu\/en\/furniture-disassembly\/","name":"Furniture disassembly - LOBO GROUP - profesion\u00e1lne s\u0165ahovanie","isPartOf":{"@id":"https:\/\/www.stahovanie.eu\/#website"},"primaryImageOfPage":{"@id":"https:\/\/www.stahovanie.eu\/en\/furniture-disassembly\/#primaryimage"},"image":{"@id":"https:\/\/www.stahovanie.eu\/en\/furniture-disassembly\/#primaryimage"},"thumbnailUrl":"https:\/\/www.stahovanie.eu\/wp-content\/uploads\/2023\/05\/demontaz-nabytku.png","datePublished":"2023-05-08T16:48:41+00:00","dateModified":"2025-11-17T12:01:19+00:00","breadcrumb":{"@id":"https:\/\/www.stahovanie.eu\/en\/furniture-disassembly\/#breadcrumb"},"inLanguage":"en-US","potentialAction":[{"@type":"ReadAction","target":["https:\/\/www.stahovanie.eu\/en\/furniture-disassembly\/"]}]},{"@type":"ImageObject","inLanguage":"en-US","@id":"https:\/\/www.stahovanie.eu\/en\/furniture-disassembly\/#primaryimage","url":"https:\/\/www.stahovanie.eu\/wp-content\/uploads\/2023\/05\/demontaz-nabytku.png","contentUrl":"https:\/\/www.stahovanie.eu\/wp-content\/uploads\/2023\/05\/demontaz-nabytku.png"},{"@type":"BreadcrumbList","@id":"https:\/\/www.stahovanie.eu\/en\/furniture-disassembly\/#breadcrumb","itemListElement":[{"@type":"ListItem","position":1,"name":"Home","item":"https:\/\/www.stahovanie.eu\/en\/"},{"@type":"ListItem","position":2,"name":"Furniture disassembly"}]},{"@type":"WebSite","@id":"https:\/\/www.stahovanie.eu\/#website","url":"https:\/\/www.stahovanie.eu\/","name":"LOBO GROUP - profesion\u00e1lne s\u0165ahovanie","description":"","publisher":{"@id":"https:\/\/www.stahovanie.eu\/#organization"},"potentialAction":[{"@type":"SearchAction","target":{"@type":"EntryPoint","urlTemplate":"https:\/\/www.stahovanie.eu\/?s={search_term_string}"},"query-input":{"@type":"PropertyValueSpecification","valueRequired":true,"valueName":"search_term_string"}}],"inLanguage":"en-US"},{"@type":"Organization","@id":"https:\/\/www.stahovanie.eu\/#organization","name":"LOBO GROUP - profesion\u00e1lne s\u0165ahovanie","url":"https:\/\/www.stahovanie.eu\/","logo":{"@type":"ImageObject","inLanguage":"en-US","@id":"https:\/\/www.stahovanie.eu\/#\/schema\/logo\/image\/","url":"https:\/\/www.stahovanie.eu\/wp-content\/uploads\/2021\/02\/LogoLobo-1.png","contentUrl":"https:\/\/www.stahovanie.eu\/wp-content\/uploads\/2021\/02\/LogoLobo-1.png","width":350,"height":101,"caption":"LOBO GROUP -  profesion\u00e1lne s\u0165ahovanie"},"image":{"@id":"https:\/\/www.stahovanie.eu\/#\/schema\/logo\/image\/"}}]}},"_links":{"self":[{"href":"https:\/\/www.stahovanie.eu\/en\/wp-json\/wp\/v2\/pages\/1469","targetHints":{"allow":["GET"]}}],"collection":[{"href":"https:\/\/www.stahovanie.eu\/en\/wp-json\/wp\/v2\/pages"}],"about":[{"href":"https:\/\/www.stahovanie.eu\/en\/wp-json\/wp\/v2\/types\/page"}],"author":[{"embeddable":true,"href":"https:\/\/www.stahovanie.eu\/en\/wp-json\/wp\/v2\/users\/3"}],"replies":[{"embeddable":true,"href":"https:\/\/www.stahovanie.eu\/en\/wp-json\/wp\/v2\/comments?post=1469"}],"version-history":[{"count":8,"href":"https:\/\/www.stahovanie.eu\/en\/wp-json\/wp\/v2\/pages\/1469\/revisions"}],"predecessor-version":[{"id":2190,"href":"https:\/\/www.stahovanie.eu\/en\/wp-json\/wp\/v2\/pages\/1469\/revisions\/2190"}],"wp:attachment":[{"href":"https:\/\/www.stahovanie.eu\/en\/wp-json\/wp\/v2\/media?parent=1469"}],"curies":[{"name":"wp","href":"https:\/\/api.w.org\/{rel}","templated":true}]}}